{"id":80,"date":"2021-12-27T01:43:23","date_gmt":"2021-12-27T01:43:23","guid":{"rendered":"https:\/\/bibliotechcorp.com\/?page_id=80"},"modified":"2021-12-29T10:43:15","modified_gmt":"2021-12-29T10:43:15","slug":"industries-company","status":"publish","type":"page","link":"https:\/\/bibliotechcorp.com\/pt\/industrias-empresa\/","title":{"rendered":"Companhia"},"content":{"rendered":"<div data-elementor-type=\"wp-page\" data-elementor-id=\"80\" class=\"elementor elementor-80\">\n\t\t\t\t\t\t<section class=\"elementor-section elementor-top-section elementor-element elementor-element-53705830 elementor-section-boxed elementor-section-height-default elementor-section-height-default\" data-id=\"53705830\" data-element_type=\"section\" data-settings=\"{&quot;background_background&quot;:&quot;classic&quot;,&quot;background_motion_fx_motion_fx_scrolling&quot;:&quot;yes&quot;,&quot;background_motion_fx_devices&quot;:[&quot;desktop&quot;,&quot;tablet&quot;],&quot;background_motion_fx_blur_effect&quot;:&quot;yes&quot;,&quot;background_motion_fx_blur_level&quot;:{&quot;unit&quot;:&quot;px&quot;,&quot;size&quot;:1,&quot;sizes&quot;:[]},&quot;background_motion_fx_blur_direction&quot;:&quot;out-in&quot;,&quot;background_motion_fx_blur_range&quot;:{&quot;unit&quot;:&quot;%&quot;,&quot;size&quot;:&quot;&quot;,&quot;sizes&quot;:{&quot;start&quot;:20,&quot;end&quot;:80}}}\">\n\t\t\t\t\t\t\t<div class=\"elementor-background-overlay\"><\/div>\n\t\t\t\t\t\t\t<div class=\"elementor-container elementor-column-gap-default\">\n\t\t\t\t\t<div class=\"elementor-column elementor-col-100 elementor-top-column elementor-element elementor-element-9051a42 elementor-invisible\" data-id=\"9051a42\" data-element_type=\"column\" data-settings=\"{&quot;animation&quot;:&quot;fadeInUp&quot;}\">\n\t\t\t<div class=\"elementor-widget-wrap elementor-element-populated\">\n\t\t\t\t\t\t\t<\/div>\n\t\t<\/div>\n\t\t\t\t\t<\/div>\n\t\t<\/section>\n\t\t\t\t<section class=\"elementor-section elementor-top-section elementor-element elementor-element-f466228 elementor-section-content-middle elementor-section-boxed elementor-section-height-default elementor-section-height-default\" data-id=\"f466228\" data-element_type=\"section\" data-settings=\"{&quot;background_background&quot;:&quot;classic&quot;}\">\n\t\t\t\t\t\t\t<div class=\"elementor-background-overlay\"><\/div>\n\t\t\t\t\t\t\t<div class=\"elementor-container elementor-column-gap-default\">\n\t\t\t\t\t<div class=\"elementor-column elementor-col-50 elementor-top-column elementor-element elementor-element-480fefdd\" data-id=\"480fefdd\" data-element_type=\"column\">\n\t\t\t<div class=\"elementor-widget-wrap elementor-element-populated\">\n\t\t\t\t\t\t<div class=\"elementor-element elementor-element-2ceabba0 animated-fast elementor-invisible elementor-widget elementor-widget-spacer\" data-id=\"2ceabba0\" data-element_type=\"widget\" data-settings=\"{&quot;_animation&quot;:&quot;fadeInLeft&quot;,&quot;_animation_tablet&quot;:&quot;fadeInUp&quot;}\" data-widget_type=\"spacer.default\">\n\t\t\t\t<div class=\"elementor-widget-container\">\n\t\t\t\t\t\t\t<div class=\"elementor-spacer\">\n\t\t\t<div class=\"elementor-spacer-inner\"><\/div>\n\t\t<\/div>\n\t\t\t\t\t\t<\/div>\n\t\t\t\t<\/div>\n\t\t\t\t\t<\/div>\n\t\t<\/div>\n\t\t\t\t<div class=\"elementor-column elementor-col-50 elementor-top-column elementor-element elementor-element-7babb06d\" data-id=\"7babb06d\" data-element_type=\"column\">\n\t\t\t<div class=\"elementor-widget-wrap elementor-element-populated\">\n\t\t\t\t\t\t<div class=\"elementor-element elementor-element-2e93ce6b elementor-invisible elementor-widget elementor-widget-heading\" data-id=\"2e93ce6b\" data-element_type=\"widget\" data-settings=\"{&quot;_animation&quot;:&quot;fadeInRight&quot;,&quot;_animation_tablet&quot;:&quot;fadeInUp&quot;}\" data-widget_type=\"heading.default\">\n\t\t\t\t<div class=\"elementor-widget-container\">\n\t\t\t\t\t<div class=\"elementor-heading-title elementor-size-default\">Conhe\u00e7a<\/div>\t\t\t\t<\/div>\n\t\t\t\t<\/div>\n\t\t\t\t<div class=\"elementor-element elementor-element-68c22d3c animated-fast elementor-invisible elementor-widget elementor-widget-heading\" data-id=\"68c22d3c\" data-element_type=\"widget\" data-settings=\"{&quot;_animation&quot;:&quot;fadeInRight&quot;,&quot;_animation_delay&quot;:100,&quot;_animation_tablet&quot;:&quot;fadeInUp&quot;}\" data-widget_type=\"heading.default\">\n\t\t\t\t<div class=\"elementor-widget-container\">\n\t\t\t\t\t<h2 class=\"elementor-heading-title elementor-size-default\">Conhe\u00e7a sobre n\u00f3s<\/h2>\t\t\t\t<\/div>\n\t\t\t\t<\/div>\n\t\t\t\t<div class=\"elementor-element elementor-element-382af9ee animated-fast elementor-invisible elementor-widget elementor-widget-text-editor\" data-id=\"382af9ee\" data-element_type=\"widget\" data-settings=\"{&quot;_animation&quot;:&quot;fadeInRight&quot;,&quot;_animation_delay&quot;:200,&quot;_animation_tablet&quot;:&quot;fadeInUp&quot;}\" data-widget_type=\"text-editor.default\">\n\t\t\t\t<div class=\"elementor-widget-container\">\n\t\t\t\t\t\t\t\t\t<p>A BRASIL BIBLIO TECH SEVICOS DE INFORMATICA LTDA nasceu com um verdadeiro entusiasmo pela tecnologia, impulsionada por profissionais capacitados com solu\u00e7\u00f5es de desenvolvimento de gest\u00e3o empresarial e que entendem como a ado\u00e7\u00e3o da tecnologia pode melhorar significativamente seus neg\u00f3cios, pessoas e processos.<\/p>\t\t\t\t\t\t\t\t<\/div>\n\t\t\t\t<\/div>\n\t\t\t\t\t<\/div>\n\t\t<\/div>\n\t\t\t\t\t<\/div>\n\t\t<\/section>\n\t\t\t\t<section class=\"elementor-section elementor-top-section elementor-element elementor-element-35d6eb0 elementor-section-boxed elementor-section-height-default elementor-section-height-default\" data-id=\"35d6eb0\" data-element_type=\"section\" data-settings=\"{&quot;background_background&quot;:&quot;classic&quot;}\">\n\t\t\t\t\t\t<div class=\"elementor-container elementor-column-gap-default\">\n\t\t\t\t\t<div class=\"elementor-column elementor-col-100 elementor-top-column elementor-element elementor-element-7b891fac\" data-id=\"7b891fac\" data-element_type=\"column\">\n\t\t\t<div class=\"elementor-widget-wrap elementor-element-populated\">\n\t\t\t\t\t\t<section class=\"elementor-section elementor-inner-section elementor-element elementor-element-6157d76f elementor-section-full_width elementor-section-height-default elementor-section-height-default\" data-id=\"6157d76f\" data-element_type=\"section\">\n\t\t\t\t\t\t\t<div class=\"elementor-background-overlay\"><\/div>\n\t\t\t\t\t\t\t<div class=\"elementor-container elementor-column-gap-default\">\n\t\t\t\t\t<div class=\"elementor-column elementor-col-50 elementor-inner-column elementor-element elementor-element-2858651f\" data-id=\"2858651f\" data-element_type=\"column\">\n\t\t\t<div class=\"elementor-widget-wrap elementor-element-populated\">\n\t\t\t\t\t\t<div class=\"elementor-element elementor-element-6dfceec6 animated-fast elementor-invisible elementor-widget elementor-widget-image\" data-id=\"6dfceec6\" data-element_type=\"widget\" data-settings=\"{&quot;_animation&quot;:&quot;fadeInRight&quot;,&quot;_animation_tablet&quot;:&quot;fadeInDown&quot;,&quot;_animation_mobile&quot;:&quot;fadeInUp&quot;}\" data-widget_type=\"image.default\">\n\t\t\t\t<div class=\"elementor-widget-container\">\n\t\t\t\t\t\t\t\t\t\t\t\t\t\t\t<img decoding=\"async\" src=\"https:\/\/bibliotechcorp.com\/wp-content\/uploads\/2021\/12\/Company2.jpg\" title=\"Company2\" alt=\"Company2\" loading=\"lazy\" \/>\t\t\t\t\t\t\t\t\t\t\t\t\t\t\t<\/div>\n\t\t\t\t<\/div>\n\t\t\t\t<div class=\"elementor-element elementor-element-23dab9fb elementor-invisible elementor-widget elementor-widget-text-editor\" data-id=\"23dab9fb\" data-element_type=\"widget\" data-settings=\"{&quot;_animation&quot;:&quot;fadeInUp&quot;,&quot;_animation_tablet&quot;:&quot;fadeInUp&quot;,&quot;_animation_mobile&quot;:&quot;fadeInUp&quot;}\" data-widget_type=\"text-editor.default\">\n\t\t\t\t<div class=\"elementor-widget-container\">\n\t\t\t\t\t\t\t\t\t<p><b><em>Vis\u00e3o<\/em>:\u00a0<\/b><\/p><p>Oferecer solu\u00e7\u00f5es tecnol\u00f3gicas s\u00f3lidas e seguras aos nossos clientes para melhorar sua competitividade e posi\u00e7\u00e3o nos mercados em que participam.<\/p><p><b><em>Miss\u00e3o<\/em>:<\/b><\/p><p>Para ajudar <em>nossos clientes<\/em> a cumprir suas metas de neg\u00f3cios, fornecendo e apoiando servi\u00e7os e solu\u00e7\u00f5es de TI realistas e econ\u00f4micas.<\/p><p>Ser excelentes vizinhos e cidad\u00e3os de nossa comunidade, al\u00e9m de ajudar outras pessoas menos afortunadas do que n\u00f3s. <em>our community<\/em>, as well as assisting others who are less fortunate than ourselves.<\/p><p>Para fornecer um ambiente de trabalho saud\u00e1vel para <em>nossos funcion\u00e1rios<\/em> que incentive a criatividade, integridade, crescimento e coopera\u00e7\u00e3o. Para ser o tipo de organiza\u00e7\u00e3o para a qual os funcion\u00e1rios ficar\u00e3o felizes em trabalhar.<\/p><p><b>A inova\u00e7\u00e3o \u00e9 a chave:<\/b><\/p><p>Oferecemos orienta\u00e7\u00e3o estrat\u00e9gica e assist\u00eancia aos clientes para ajud\u00e1-los a se tornarem mais \u00e1geis, econ\u00f4micos e competitivos, utilizando tecnologia de ponta para cumprir seus objetivos de neg\u00f3cios.<\/p><p>Nossos servi\u00e7os terceirizados proativos e completos complementam sua experi\u00eancia interna de TI, fornecendo solu\u00e7\u00f5es tecnol\u00f3gicas de longo prazo que oferecem suporte aos seus objetivos de neg\u00f3cios.<\/p>\t\t\t\t\t\t\t\t<\/div>\n\t\t\t\t<\/div>\n\t\t\t\t\t<\/div>\n\t\t<\/div>\n\t\t\t\t<div class=\"elementor-column elementor-col-50 elementor-inner-column elementor-element elementor-element-a5c696d\" data-id=\"a5c696d\" data-element_type=\"column\">\n\t\t\t<div class=\"elementor-widget-wrap elementor-element-populated\">\n\t\t\t\t\t\t<div class=\"elementor-element elementor-element-2a57a795 elementor-invisible elementor-widget elementor-widget-heading\" data-id=\"2a57a795\" data-element_type=\"widget\" data-settings=\"{&quot;_animation&quot;:&quot;fadeInDown&quot;}\" data-widget_type=\"heading.default\">\n\t\t\t\t<div class=\"elementor-widget-container\">\n\t\t\t\t\t<h2 class=\"elementor-heading-title elementor-size-default\">Por que escolher a BRASIL BIBLIO TECH?<\/h2>\t\t\t\t<\/div>\n\t\t\t\t<\/div>\n\t\t\t\t<div class=\"elementor-element elementor-element-436f4046 animated-fast elementor-invisible elementor-widget elementor-widget-image\" data-id=\"436f4046\" data-element_type=\"widget\" data-settings=\"{&quot;_animation&quot;:&quot;fadeInLeft&quot;,&quot;_animation_tablet&quot;:&quot;fadeInUp&quot;,&quot;_animation_mobile&quot;:&quot;fadeInUp&quot;}\" data-widget_type=\"image.default\">\n\t\t\t\t<div class=\"elementor-widget-container\">\n\t\t\t\t\t\t\t\t\t\t\t\t\t\t\t<img decoding=\"async\" src=\"https:\/\/bibliotechcorp.com\/wp-content\/uploads\/2021\/12\/Company3.jpg\" title=\"Company3\" alt=\"Company3\" loading=\"lazy\" \/>\t\t\t\t\t\t\t\t\t\t\t\t\t\t\t<\/div>\n\t\t\t\t<\/div>\n\t\t\t\t\t<\/div>\n\t\t<\/div>\n\t\t\t\t\t<\/div>\n\t\t<\/section>\n\t\t\t\t\t<\/div>\n\t\t<\/div>\n\t\t\t\t\t<\/div>\n\t\t<\/section>\n\t\t\t\t<section class=\"elementor-section elementor-top-section elementor-element elementor-element-7520e234 elementor-section-boxed elementor-section-height-default elementor-section-height-default\" data-id=\"7520e234\" data-element_type=\"section\" data-settings=\"{&quot;background_background&quot;:&quot;classic&quot;}\">\n\t\t\t\t\t\t\t<div class=\"elementor-background-overlay\"><\/div>\n\t\t\t\t\t\t\t<div class=\"elementor-container elementor-column-gap-default\">\n\t\t\t\t\t<div class=\"elementor-column elementor-col-100 elementor-top-column elementor-element elementor-element-98f9de6\" data-id=\"98f9de6\" data-element_type=\"column\">\n\t\t\t<div class=\"elementor-widget-wrap elementor-element-populated\">\n\t\t\t\t\t\t<section class=\"elementor-section elementor-inner-section elementor-element elementor-element-3066c530 elementor-section-boxed elementor-section-height-default elementor-section-height-default\" data-id=\"3066c530\" data-element_type=\"section\">\n\t\t\t\t\t\t<div class=\"elementor-container elementor-column-gap-default\">\n\t\t\t\t\t<div class=\"elementor-column elementor-col-100 elementor-inner-column elementor-element elementor-element-72df164c\" data-id=\"72df164c\" data-element_type=\"column\">\n\t\t\t<div class=\"elementor-widget-wrap elementor-element-populated\">\n\t\t\t\t\t\t<div class=\"elementor-element elementor-element-4560d70f animated-fast elementor-invisible elementor-widget elementor-widget-heading\" data-id=\"4560d70f\" data-element_type=\"widget\" data-settings=\"{&quot;_animation&quot;:&quot;fadeInUp&quot;,&quot;_animation_delay&quot;:100}\" data-widget_type=\"heading.default\">\n\t\t\t\t<div class=\"elementor-widget-container\">\n\t\t\t\t\t<h2 class=\"elementor-heading-title elementor-size-default\">S\u00f3cios<\/h2>\t\t\t\t<\/div>\n\t\t\t\t<\/div>\n\t\t\t\t\t<\/div>\n\t\t<\/div>\n\t\t\t\t\t<\/div>\n\t\t<\/section>\n\t\t\t\t<div class=\"elementor-element elementor-element-d39a126 elementor-widget elementor-widget-text-editor\" data-id=\"d39a126\" data-element_type=\"widget\" data-widget_type=\"text-editor.default\">\n\t\t\t\t<div class=\"elementor-widget-container\">\n\t\t\t\t\t\t\t\t\t<p>Acreditamos genuinamente que nosso pessoal \u00e9 nosso ativo mais significativo; por isso, somos uma equipe de profissionais altamente qualificados e comprometidos em entregar as melhores pr\u00e1ticas por meio de pesquisa e desenvolvimento. Como consequ\u00eancia, trabalhamos muito para criar um ambiente alegre e colaborativo onde todos estejam motivados para alcan\u00e7ar o imposs\u00edvel.<br \/><br \/>Queremos jogadores de equipe, indiv\u00edduos proativos com um forte senso de dever e iniciativa, bem como um forte desejo de aprender e melhorar.<\/p>\t\t\t\t\t\t\t\t<\/div>\n\t\t\t\t<\/div>\n\t\t\t\t\t<\/div>\n\t\t<\/div>\n\t\t\t\t\t<\/div>\n\t\t<\/section>\n\t\t\t\t<\/div>","protected":false},"excerpt":{"rendered":"<p>know about us BRASIL BIBLIO TECH SEVICOS DE INFORMATICA LTDA was created on a true enthusiasm for technology, driven by skilled employees with business management development solutions who understand how adopting technology can significantly improve their business, people, and processes. Vision:\u00a0 Providing solid and secure technology solutions to our clients to improve their competitiveness and&hellip; <a class=\"more-link\" href=\"https:\/\/bibliotechcorp.com\/pt\/industrias-empresa\/\">Continuar lendo <span class=\"screen-reader-text\">Companhia<\/span><\/a><\/p>","protected":false},"author":4,"featured_media":0,"parent":0,"menu_order":0,"comment_status":"closed","ping_status":"closed","template":"","meta":{"footnotes":""},"class_list":["post-80","page","type-page","status-publish","hentry","entry"],"_links":{"self":[{"href":"https:\/\/bibliotechcorp.com\/pt\/wp-json\/wp\/v2\/pages\/80","targetHints":{"allow":["GET"]}}],"collection":[{"href":"https:\/\/bibliotechcorp.com\/pt\/wp-json\/wp\/v2\/pages"}],"about":[{"href":"https:\/\/bibliotechcorp.com\/pt\/wp-json\/wp\/v2\/types\/page"}],"author":[{"embeddable":true,"href":"https:\/\/bibliotechcorp.com\/pt\/wp-json\/wp\/v2\/users\/4"}],"replies":[{"embeddable":true,"href":"https:\/\/bibliotechcorp.com\/pt\/wp-json\/wp\/v2\/comments?post=80"}],"version-history":[{"count":28,"href":"https:\/\/bibliotechcorp.com\/pt\/wp-json\/wp\/v2\/pages\/80\/revisions"}],"predecessor-version":[{"id":1064,"href":"https:\/\/bibliotechcorp.com\/pt\/wp-json\/wp\/v2\/pages\/80\/revisions\/1064"}],"wp:attachment":[{"href":"https:\/\/bibliotechcorp.com\/pt\/wp-json\/wp\/v2\/media?parent=80"}],"curies":[{"name":"wp","href":"https:\/\/api.w.org\/{rel}","templated":true}]}}