{"id":537,"date":"2021-12-28T17:36:56","date_gmt":"2021-12-28T17:36:56","guid":{"rendered":"https:\/\/bibliotechcorp.com\/?page_id=537"},"modified":"2021-12-30T14:06:55","modified_gmt":"2021-12-30T14:06:55","slug":"construction-it","status":"publish","type":"page","link":"https:\/\/bibliotechcorp.com\/pt\/ti-de-construcao\/","title":{"rendered":"TI de constru\u00e7\u00e3o"},"content":{"rendered":"<div data-elementor-type=\"wp-page\" data-elementor-id=\"537\" class=\"elementor elementor-537\">\n\t\t\t\t\t\t<section class=\"elementor-section elementor-top-section elementor-element elementor-element-7b4168f8 elementor-section-boxed elementor-section-height-default elementor-section-height-default\" data-id=\"7b4168f8\" data-element_type=\"section\" data-settings=\"{&quot;background_background&quot;:&quot;classic&quot;,&quot;background_motion_fx_motion_fx_scrolling&quot;:&quot;yes&quot;,&quot;background_motion_fx_scale_effect&quot;:&quot;yes&quot;,&quot;background_motion_fx_scale_speed&quot;:{&quot;unit&quot;:&quot;px&quot;,&quot;size&quot;:2,&quot;sizes&quot;:[]},&quot;background_motion_fx_devices&quot;:[&quot;desktop&quot;,&quot;tablet&quot;],&quot;background_motion_fx_scale_direction&quot;:&quot;out-in&quot;,&quot;background_motion_fx_scale_range&quot;:{&quot;unit&quot;:&quot;%&quot;,&quot;size&quot;:&quot;&quot;,&quot;sizes&quot;:{&quot;start&quot;:20,&quot;end&quot;:80}}}\">\n\t\t\t\t\t\t\t<div class=\"elementor-background-overlay\"><\/div>\n\t\t\t\t\t\t\t<div class=\"elementor-container elementor-column-gap-default\">\n\t\t\t\t\t<div class=\"elementor-column elementor-col-100 elementor-top-column elementor-element elementor-element-4db831cf elementor-invisible\" data-id=\"4db831cf\" data-element_type=\"column\" data-settings=\"{&quot;animation&quot;:&quot;fadeInUp&quot;}\">\n\t\t\t<div class=\"elementor-widget-wrap elementor-element-populated\">\n\t\t\t\t\t\t\t<\/div>\n\t\t<\/div>\n\t\t\t\t\t<\/div>\n\t\t<\/section>\n\t\t\t\t<section class=\"elementor-section elementor-top-section elementor-element elementor-element-4f8d58f6 elementor-section-boxed elementor-section-height-default elementor-section-height-default\" data-id=\"4f8d58f6\" data-element_type=\"section\" data-settings=\"{&quot;background_background&quot;:&quot;classic&quot;}\">\n\t\t\t\t\t\t\t<div class=\"elementor-background-overlay\"><\/div>\n\t\t\t\t\t\t\t<div class=\"elementor-container elementor-column-gap-default\">\n\t\t\t\t\t<div class=\"elementor-column elementor-col-100 elementor-top-column elementor-element elementor-element-50d94e36\" data-id=\"50d94e36\" data-element_type=\"column\">\n\t\t\t<div class=\"elementor-widget-wrap elementor-element-populated\">\n\t\t\t\t\t\t<section class=\"elementor-section elementor-inner-section elementor-element elementor-element-660f1ca9 elementor-section-boxed elementor-section-height-default elementor-section-height-default\" data-id=\"660f1ca9\" data-element_type=\"section\">\n\t\t\t\t\t\t<div class=\"elementor-container elementor-column-gap-default\">\n\t\t\t\t\t<div class=\"elementor-column elementor-col-100 elementor-inner-column elementor-element elementor-element-64175f42\" data-id=\"64175f42\" data-element_type=\"column\">\n\t\t\t<div class=\"elementor-widget-wrap elementor-element-populated\">\n\t\t\t\t\t\t<section class=\"elementor-section elementor-inner-section elementor-element elementor-element-43830faf elementor-section-boxed elementor-section-height-default elementor-section-height-default\" data-id=\"43830faf\" data-element_type=\"section\" data-settings=\"{&quot;background_background&quot;:&quot;classic&quot;}\">\n\t\t\t\t\t\t\t<div class=\"elementor-background-overlay\"><\/div>\n\t\t\t\t\t\t\t<div class=\"elementor-container elementor-column-gap-default\">\n\t\t\t\t\t<div class=\"elementor-column elementor-col-100 elementor-inner-column elementor-element elementor-element-545f95f2\" data-id=\"545f95f2\" data-element_type=\"column\">\n\t\t\t<div class=\"elementor-widget-wrap elementor-element-populated\">\n\t\t\t\t\t\t<div class=\"elementor-element elementor-element-5d4285dc elementor-invisible elementor-widget elementor-widget-text-editor\" data-id=\"5d4285dc\" data-element_type=\"widget\" data-settings=\"{&quot;_animation&quot;:&quot;fadeInUp&quot;}\" data-widget_type=\"text-editor.default\">\n\t\t\t\t<div class=\"elementor-widget-container\">\n\t\t\t\t\t\t\t\t\t<p><i>Com v\u00e1rios anos de experi\u00eancia atendendo \u00e0s ind\u00fastrias de constru\u00e7\u00e3o e desenvolvimento, nossa equipe inteligente de especialistas em TI pode ajud\u00e1-lo a alcan\u00e7ar mobilidade, agilidade e crescimento.<\/i>.<\/p>\t\t\t\t\t\t\t\t<\/div>\n\t\t\t\t<\/div>\n\t\t\t\t\t<\/div>\n\t\t<\/div>\n\t\t\t\t\t<\/div>\n\t\t<\/section>\n\t\t\t\t\t<\/div>\n\t\t<\/div>\n\t\t\t\t\t<\/div>\n\t\t<\/section>\n\t\t\t\t\t<\/div>\n\t\t<\/div>\n\t\t\t\t\t<\/div>\n\t\t<\/section>\n\t\t\t\t<section class=\"elementor-section elementor-top-section elementor-element elementor-element-25d2a70 elementor-section-boxed elementor-section-height-default elementor-section-height-default\" data-id=\"25d2a70\" data-element_type=\"section\" data-settings=\"{&quot;background_background&quot;:&quot;classic&quot;}\">\n\t\t\t\t\t\t\t<div class=\"elementor-background-overlay\"><\/div>\n\t\t\t\t\t\t\t<div class=\"elementor-container elementor-column-gap-default\">\n\t\t\t\t\t<div class=\"elementor-column elementor-col-50 elementor-top-column elementor-element elementor-element-27f7a11c\" data-id=\"27f7a11c\" data-element_type=\"column\">\n\t\t\t<div class=\"elementor-widget-wrap elementor-element-populated\">\n\t\t\t\t\t\t<div class=\"elementor-element elementor-element-39e4f1a8 animated-fast elementor-invisible elementor-widget elementor-widget-text-editor\" data-id=\"39e4f1a8\" data-element_type=\"widget\" data-settings=\"{&quot;_animation&quot;:&quot;fadeInUp&quot;,&quot;_animation_tablet&quot;:&quot;fadeInUp&quot;,&quot;_animation_mobile&quot;:&quot;fadeInUp&quot;,&quot;_animation_delay&quot;:200}\" data-widget_type=\"text-editor.default\">\n\t\t\t\t<div class=\"elementor-widget-container\">\n\t\t\t\t\t\t\t\t\t<ul><li><b>Servi\u00e7os de TI para ajudar seu neg\u00f3cio de constru\u00e7\u00e3o a crescer<\/b><\/li><\/ul><div><span style=\"font-family: -apple-system, BlinkMacSystemFont, Segoe UI, Roboto, Oxygen-Sans, Ubuntu, Cantarell, Helvetica Neue, sans-serif;\"><b>\u00a0<\/b><\/span><\/div><p><b>\u00a0 \u00a0 \u00a0 \u00a0 \u00a0 \u00a0 Solu\u00e7\u00f5es de seguran\u00e7a em nuvem<\/b><br \/>Count on our team of skilled cloud consultants to carry out a strategic\u00a0 \u00a0 \u00a0 \u00a0 \u00a0 strategy that matches your expanding company objectives.<\/p><p><b>\u00a0 \u00a0 \u00a0 \u00a0 \u00a0 Suporte de TI sem complica\u00e7\u00f5es<br \/><\/b>A BBT oferece uma variedade de solu\u00e7\u00f5es terceirizadas de suporte de TI para atender \u00e0s necessidades de sua empresa, desde assist\u00eancia 360 \u00b0 at\u00e9 funcion\u00e1rios extras<\/p><p><b>\u00a0 \u00a0 \u00a0 \u00a0 \u00a0Servi\u00e7os que s\u00e3o gerenciados<br \/><\/b>Do backup de dados \u00e0 seguran\u00e7a gerenciada, nossos servi\u00e7os gerenciados descomplicados fornecem prote\u00e7\u00e3o abrangente a um pre\u00e7o razo\u00e1vel.<\/p><ul><li><b>Necessidades de seguran\u00e7a das construtoras<\/b><\/li><\/ul><p>As empresas de constru\u00e7\u00e3o devem seguir as diretrizes espec\u00edficas do cliente, do estado e do trabalho. Para uma infraestrutura de TI segura e compat\u00edvel, propomos o seguinte:<\/p><ul><li>Autentica\u00e7\u00e3o multifator<\/li><li>Seguran\u00e7a gerenciada<\/li><li>Seguran\u00e7a de e-mail gerenciada<\/li><li>Firewall DNS<\/li><li>Detec\u00e7\u00e3o de endpoint e resposta<\/li><\/ul>\t\t\t\t\t\t\t\t<\/div>\n\t\t\t\t<\/div>\n\t\t\t\t\t<\/div>\n\t\t<\/div>\n\t\t\t\t<div class=\"elementor-column elementor-col-50 elementor-top-column elementor-element elementor-element-57e79870\" data-id=\"57e79870\" data-element_type=\"column\">\n\t\t\t<div class=\"elementor-widget-wrap elementor-element-populated\">\n\t\t\t\t\t\t<div class=\"elementor-element elementor-element-6d8167c2 elementor-invisible elementor-widget elementor-widget-spacer\" data-id=\"6d8167c2\" data-element_type=\"widget\" data-settings=\"{&quot;_animation&quot;:&quot;fadeInUp&quot;,&quot;_animation_mobile&quot;:&quot;fadeIn&quot;}\" data-widget_type=\"spacer.default\">\n\t\t\t\t<div class=\"elementor-widget-container\">\n\t\t\t\t\t\t\t<div class=\"elementor-spacer\">\n\t\t\t<div class=\"elementor-spacer-inner\"><\/div>\n\t\t<\/div>\n\t\t\t\t\t\t<\/div>\n\t\t\t\t<\/div>\n\t\t\t\t<div class=\"elementor-element elementor-element-3b2c201e animated-fast elementor-invisible elementor-widget elementor-widget-spacer\" data-id=\"3b2c201e\" data-element_type=\"widget\" data-settings=\"{&quot;_animation&quot;:&quot;fadeInUp&quot;,&quot;_animation_mobile&quot;:&quot;fadeInUp&quot;,&quot;_animation_delay&quot;:100}\" data-widget_type=\"spacer.default\">\n\t\t\t\t<div class=\"elementor-widget-container\">\n\t\t\t\t\t\t\t<div class=\"elementor-spacer\">\n\t\t\t<div class=\"elementor-spacer-inner\"><\/div>\n\t\t<\/div>\n\t\t\t\t\t\t<\/div>\n\t\t\t\t<\/div>\n\t\t\t\t\t<\/div>\n\t\t<\/div>\n\t\t\t\t\t<\/div>\n\t\t<\/section>\n\t\t\t\t<section class=\"elementor-section elementor-top-section elementor-element elementor-element-2c046f9 elementor-section-boxed elementor-section-height-default elementor-section-height-default\" data-id=\"2c046f9\" data-element_type=\"section\" data-settings=\"{&quot;background_background&quot;:&quot;classic&quot;}\">\n\t\t\t\t\t\t\t<div class=\"elementor-background-overlay\"><\/div>\n\t\t\t\t\t\t\t<div class=\"elementor-container elementor-column-gap-default\">\n\t\t\t\t\t<div class=\"elementor-column elementor-col-100 elementor-top-column elementor-element elementor-element-43437d6\" data-id=\"43437d6\" data-element_type=\"column\">\n\t\t\t<div class=\"elementor-widget-wrap elementor-element-populated\">\n\t\t\t\t\t\t<section class=\"elementor-section elementor-inner-section elementor-element elementor-element-5306627 elementor-section-boxed elementor-section-height-default elementor-section-height-default\" data-id=\"5306627\" data-element_type=\"section\">\n\t\t\t\t\t\t<div class=\"elementor-container elementor-column-gap-default\">\n\t\t\t\t\t<div class=\"elementor-column elementor-col-100 elementor-inner-column elementor-element elementor-element-f251abc\" data-id=\"f251abc\" data-element_type=\"column\">\n\t\t\t<div class=\"elementor-widget-wrap elementor-element-populated\">\n\t\t\t\t\t\t<section class=\"elementor-section elementor-inner-section elementor-element elementor-element-1b49dd7 elementor-section-boxed elementor-section-height-default elementor-section-height-default\" data-id=\"1b49dd7\" data-element_type=\"section\" data-settings=\"{&quot;background_background&quot;:&quot;classic&quot;}\">\n\t\t\t\t\t\t\t<div class=\"elementor-background-overlay\"><\/div>\n\t\t\t\t\t\t\t<div class=\"elementor-container elementor-column-gap-default\">\n\t\t\t\t\t<div class=\"elementor-column elementor-col-100 elementor-inner-column elementor-element elementor-element-25a58f9\" data-id=\"25a58f9\" data-element_type=\"column\">\n\t\t\t<div class=\"elementor-widget-wrap elementor-element-populated\">\n\t\t\t\t\t\t<div class=\"elementor-element elementor-element-b141d11 elementor-invisible elementor-widget elementor-widget-text-editor\" data-id=\"b141d11\" data-element_type=\"widget\" data-settings=\"{&quot;_animation&quot;:&quot;fadeInUp&quot;}\" data-widget_type=\"text-editor.default\">\n\t\t\t\t<div class=\"elementor-widget-container\">\n\t\t\t\t\t\t\t\t\t<p><b style=\"color: var( --e-global-color-text ); font-family: var( --e-global-typography-text-font-family ), Sans-serif; font-size: var( --e-global-typography-text-font-size ); font-style: var( --e-global-typography-text-font-style ); letter-spacing: var( --e-global-typography-text-letter-spacing ); text-transform: var( --e-global-typography-text-text-transform ); background-color: var( --e-global-color-865bac3 );\">Aproveite as Solu\u00e7\u00f5es de TI para Constru\u00e7\u00e3o agora! <a style=\"color: #262c6b;\" href=\"https:\/\/bibliotechcorp.com\/pt\/contato-us\/\">Fale Conosco!<\/a><\/b><\/p>\t\t\t\t\t\t\t\t<\/div>\n\t\t\t\t<\/div>\n\t\t\t\t\t<\/div>\n\t\t<\/div>\n\t\t\t\t\t<\/div>\n\t\t<\/section>\n\t\t\t\t\t<\/div>\n\t\t<\/div>\n\t\t\t\t\t<\/div>\n\t\t<\/section>\n\t\t\t\t\t<\/div>\n\t\t<\/div>\n\t\t\t\t\t<\/div>\n\t\t<\/section>\n\t\t\t\t<\/div>","protected":false},"excerpt":{"rendered":"<p>With several years of expertise serving the construction and development industries, our smart team of IT specialists can assist you in achieving mobility, agility, and growth. IT Services to Help Your Construction Business Grow \u00a0 \u00a0 \u00a0 \u00a0 \u00a0 \u00a0 \u00a0 Cloud Security SolutionsCount on our team of skilled cloud consultants to carry out a&hellip; <a class=\"more-link\" href=\"https:\/\/bibliotechcorp.com\/pt\/ti-de-construcao\/\">Continuar lendo <span class=\"screen-reader-text\">TI de constru\u00e7\u00e3o<\/span><\/a><\/p>","protected":false},"author":4,"featured_media":0,"parent":0,"menu_order":0,"comment_status":"closed","ping_status":"closed","template":"","meta":{"footnotes":""},"class_list":["post-537","page","type-page","status-publish","hentry","entry"],"_links":{"self":[{"href":"https:\/\/bibliotechcorp.com\/pt\/wp-json\/wp\/v2\/pages\/537","targetHints":{"allow":["GET"]}}],"collection":[{"href":"https:\/\/bibliotechcorp.com\/pt\/wp-json\/wp\/v2\/pages"}],"about":[{"href":"https:\/\/bibliotechcorp.com\/pt\/wp-json\/wp\/v2\/types\/page"}],"author":[{"embeddable":true,"href":"https:\/\/bibliotechcorp.com\/pt\/wp-json\/wp\/v2\/users\/4"}],"replies":[{"embeddable":true,"href":"https:\/\/bibliotechcorp.com\/pt\/wp-json\/wp\/v2\/comments?post=537"}],"version-history":[{"count":22,"href":"https:\/\/bibliotechcorp.com\/pt\/wp-json\/wp\/v2\/pages\/537\/revisions"}],"predecessor-version":[{"id":1370,"href":"https:\/\/bibliotechcorp.com\/pt\/wp-json\/wp\/v2\/pages\/537\/revisions\/1370"}],"wp:attachment":[{"href":"https:\/\/bibliotechcorp.com\/pt\/wp-json\/wp\/v2\/media?parent=537"}],"curies":[{"name":"wp","href":"https:\/\/api.w.org\/{rel}","templated":true}]}}