{"id":534,"date":"2021-12-28T17:36:25","date_gmt":"2021-12-28T17:36:25","guid":{"rendered":"https:\/\/bibliotechcorp.com\/?page_id=534"},"modified":"2021-12-30T13:49:53","modified_gmt":"2021-12-30T13:49:53","slug":"document-solutions","status":"publish","type":"page","link":"https:\/\/bibliotechcorp.com\/pt\/solucoes-de-documentos\/","title":{"rendered":"Solu\u00e7\u00f5es de Documentos"},"content":{"rendered":"<div data-elementor-type=\"wp-page\" data-elementor-id=\"534\" class=\"elementor elementor-534\">\n\t\t\t\t\t\t<section class=\"elementor-section elementor-top-section elementor-element elementor-element-7b4168f8 elementor-section-boxed elementor-section-height-default elementor-section-height-default\" data-id=\"7b4168f8\" data-element_type=\"section\" data-settings=\"{&quot;background_background&quot;:&quot;classic&quot;,&quot;background_motion_fx_motion_fx_scrolling&quot;:&quot;yes&quot;,&quot;background_motion_fx_scale_effect&quot;:&quot;yes&quot;,&quot;background_motion_fx_scale_speed&quot;:{&quot;unit&quot;:&quot;px&quot;,&quot;size&quot;:2,&quot;sizes&quot;:[]},&quot;background_motion_fx_devices&quot;:[&quot;desktop&quot;,&quot;tablet&quot;],&quot;background_motion_fx_scale_direction&quot;:&quot;out-in&quot;,&quot;background_motion_fx_scale_range&quot;:{&quot;unit&quot;:&quot;%&quot;,&quot;size&quot;:&quot;&quot;,&quot;sizes&quot;:{&quot;start&quot;:20,&quot;end&quot;:80}}}\">\n\t\t\t\t\t\t\t<div class=\"elementor-background-overlay\"><\/div>\n\t\t\t\t\t\t\t<div class=\"elementor-container elementor-column-gap-default\">\n\t\t\t\t\t<div class=\"elementor-column elementor-col-100 elementor-top-column elementor-element elementor-element-4db831cf elementor-invisible\" data-id=\"4db831cf\" data-element_type=\"column\" data-settings=\"{&quot;animation&quot;:&quot;fadeInUp&quot;}\">\n\t\t\t<div class=\"elementor-widget-wrap elementor-element-populated\">\n\t\t\t\t\t\t\t<\/div>\n\t\t<\/div>\n\t\t\t\t\t<\/div>\n\t\t<\/section>\n\t\t\t\t<section class=\"elementor-section elementor-top-section elementor-element elementor-element-4f8d58f6 elementor-section-boxed elementor-section-height-default elementor-section-height-default\" data-id=\"4f8d58f6\" data-element_type=\"section\" data-settings=\"{&quot;background_background&quot;:&quot;classic&quot;}\">\n\t\t\t\t\t\t\t<div class=\"elementor-background-overlay\"><\/div>\n\t\t\t\t\t\t\t<div class=\"elementor-container elementor-column-gap-default\">\n\t\t\t\t\t<div class=\"elementor-column elementor-col-100 elementor-top-column elementor-element elementor-element-50d94e36\" data-id=\"50d94e36\" data-element_type=\"column\">\n\t\t\t<div class=\"elementor-widget-wrap elementor-element-populated\">\n\t\t\t\t\t\t<section class=\"elementor-section elementor-inner-section elementor-element elementor-element-660f1ca9 elementor-section-boxed elementor-section-height-default elementor-section-height-default\" data-id=\"660f1ca9\" data-element_type=\"section\">\n\t\t\t\t\t\t<div class=\"elementor-container elementor-column-gap-default\">\n\t\t\t\t\t<div class=\"elementor-column elementor-col-100 elementor-inner-column elementor-element elementor-element-64175f42\" data-id=\"64175f42\" data-element_type=\"column\">\n\t\t\t<div class=\"elementor-widget-wrap elementor-element-populated\">\n\t\t\t\t\t\t<section class=\"elementor-section elementor-inner-section elementor-element elementor-element-43830faf elementor-section-boxed elementor-section-height-default elementor-section-height-default\" data-id=\"43830faf\" data-element_type=\"section\" data-settings=\"{&quot;background_background&quot;:&quot;classic&quot;}\">\n\t\t\t\t\t\t\t<div class=\"elementor-background-overlay\"><\/div>\n\t\t\t\t\t\t\t<div class=\"elementor-container elementor-column-gap-default\">\n\t\t\t\t\t<div class=\"elementor-column elementor-col-100 elementor-inner-column elementor-element elementor-element-545f95f2\" data-id=\"545f95f2\" data-element_type=\"column\">\n\t\t\t<div class=\"elementor-widget-wrap elementor-element-populated\">\n\t\t\t\t\t\t<div class=\"elementor-element elementor-element-5d4285dc elementor-invisible elementor-widget elementor-widget-text-editor\" data-id=\"5d4285dc\" data-element_type=\"widget\" data-settings=\"{&quot;_animation&quot;:&quot;fadeInUp&quot;}\" data-widget_type=\"text-editor.default\">\n\t\t\t\t<div class=\"elementor-widget-container\">\n\t\t\t\t\t\t\t\t\t<p><i>Com nossas solu\u00e7\u00f5es de documentos, voc\u00ea pode trabalhar de forma colaborativa, remota e segura.<br><\/i><br>Nossas solu\u00e7\u00f5es documentais auxiliam sua empresa na consolida\u00e7\u00e3o de informa\u00e7\u00f5es e dados cr\u00edticos, tornando seu acesso f\u00e1cil e r\u00e1pido.<\/p>\n<p>Consolidating all of your data so that vital information is easily accessible is an important step toward attaining IT efficiency. Backup, company continuity, remote working, and productivity are all impacted after all of your data are organized<\/p>\t\t\t\t\t\t\t\t<\/div>\n\t\t\t\t<\/div>\n\t\t\t\t\t<\/div>\n\t\t<\/div>\n\t\t\t\t\t<\/div>\n\t\t<\/section>\n\t\t\t\t\t<\/div>\n\t\t<\/div>\n\t\t\t\t\t<\/div>\n\t\t<\/section>\n\t\t\t\t\t<\/div>\n\t\t<\/div>\n\t\t\t\t\t<\/div>\n\t\t<\/section>\n\t\t\t\t<section class=\"elementor-section elementor-top-section elementor-element elementor-element-4e83998c elementor-section-boxed elementor-section-height-default elementor-section-height-default\" data-id=\"4e83998c\" data-element_type=\"section\" data-settings=\"{&quot;background_background&quot;:&quot;classic&quot;}\">\n\t\t\t\t\t\t\t<div class=\"elementor-background-overlay\"><\/div>\n\t\t\t\t\t\t\t<div class=\"elementor-container elementor-column-gap-default\">\n\t\t\t\t\t<div class=\"elementor-column elementor-col-50 elementor-top-column elementor-element elementor-element-1a27d3bd\" data-id=\"1a27d3bd\" data-element_type=\"column\">\n\t\t\t<div class=\"elementor-widget-wrap elementor-element-populated\">\n\t\t\t\t\t\t<div class=\"elementor-element elementor-element-2449c882 elementor-invisible elementor-widget elementor-widget-spacer\" data-id=\"2449c882\" data-element_type=\"widget\" data-settings=\"{&quot;_animation&quot;:&quot;fadeInUp&quot;,&quot;_animation_mobile&quot;:&quot;fadeIn&quot;}\" data-widget_type=\"spacer.default\">\n\t\t\t\t<div class=\"elementor-widget-container\">\n\t\t\t\t\t\t\t<div class=\"elementor-spacer\">\n\t\t\t<div class=\"elementor-spacer-inner\"><\/div>\n\t\t<\/div>\n\t\t\t\t\t\t<\/div>\n\t\t\t\t<\/div>\n\t\t\t\t<div class=\"elementor-element elementor-element-3dad6e07 animated-fast elementor-invisible elementor-widget elementor-widget-spacer\" data-id=\"3dad6e07\" data-element_type=\"widget\" data-settings=\"{&quot;_animation&quot;:&quot;fadeInUp&quot;,&quot;_animation_mobile&quot;:&quot;fadeInUp&quot;,&quot;_animation_delay&quot;:100}\" data-widget_type=\"spacer.default\">\n\t\t\t\t<div class=\"elementor-widget-container\">\n\t\t\t\t\t\t\t<div class=\"elementor-spacer\">\n\t\t\t<div class=\"elementor-spacer-inner\"><\/div>\n\t\t<\/div>\n\t\t\t\t\t\t<\/div>\n\t\t\t\t<\/div>\n\t\t\t\t\t<\/div>\n\t\t<\/div>\n\t\t\t\t<div class=\"elementor-column elementor-col-50 elementor-top-column elementor-element elementor-element-7aff791\" data-id=\"7aff791\" data-element_type=\"column\">\n\t\t\t<div class=\"elementor-widget-wrap elementor-element-populated\">\n\t\t\t\t\t\t<div class=\"elementor-element elementor-element-5c3df44 animated-fast elementor-invisible elementor-widget elementor-widget-text-editor\" data-id=\"5c3df44\" data-element_type=\"widget\" data-settings=\"{&quot;_animation&quot;:&quot;fadeInUp&quot;,&quot;_animation_tablet&quot;:&quot;fadeInUp&quot;,&quot;_animation_mobile&quot;:&quot;fadeInUp&quot;,&quot;_animation_delay&quot;:200}\" data-widget_type=\"text-editor.default\">\n\t\t\t\t<div class=\"elementor-widget-container\">\n\t\t\t\t\t\t\t\t\t<ul><li><b>Solu\u00e7\u00f5es de documentos sob medida apenas para empresas<\/b><\/li><\/ul><p>\u00c9 fundamental garantir que as informa\u00e7\u00f5es-chave sejam facilmente acess\u00edveis para atingir a efici\u00eancia corporativa.<\/p><ul><li>O acesso e as permiss\u00f5es do arquivo est\u00e3o sob seu controle.<\/li><li>Fazendo uso da seguran\u00e7a de n\u00edvel empresarial<\/li><li>Sincroniza\u00e7\u00e3o e compartilhamento simples de arquivos para trabalho em equipe e \u00e0 dist\u00e2ncia<\/li><\/ul><div>\u00a0<\/div><div>\u00a0<\/div><ul><li><b>Solu\u00e7\u00e3o de sincroniza\u00e7\u00e3o e compartilhamento de arquivos<\/b><\/li><\/ul><p>As for\u00e7as de trabalho modernas est\u00e3o se tornando mais m\u00f3veis e os funcion\u00e1rios devem usar a tecnologia para colaborar. Voc\u00ea deve ser capaz de equipar seus funcion\u00e1rios com solu\u00e7\u00f5es que lhes permitam retomar facilmente de onde pararam com seus arquivos, estejam eles em casa, no escrit\u00f3rio ou em campo com seus laptops.<br \/>Sua equipe deve ser capaz de trabalhar de qualquer lugar sem a necessidade de se conectar a VPNs ou servidores de terminal, e voc\u00ea n\u00e3o deve ter que lidar com uma cat\u00e1strofe de seguran\u00e7a de dados se eles perderem seus dispositivos.<\/p><p>Esses problemas s\u00e3o solucionados por nossa solu\u00e7\u00e3o de sincroniza\u00e7\u00e3o e compartilhamento de arquivos.<\/p><ul><li>Projetado e constru\u00eddo especificamente para aplica\u00e7\u00f5es corporativas e comerciais.<\/li><li>A sincroniza\u00e7\u00e3o de arquivos entre dispositivos \u00e9 segura e simples.<\/li><li>Compartilhamento de arquivos com colegas ou divis\u00f5es necess\u00e1rios. O acesso pode ser personalizado usando direitos de usu\u00e1rio de v\u00e1rios n\u00edveis.<\/li><li>Esfor\u00e7o colaborativo.<\/li><li>Qualquer dispositivo pode acessar arquivos remotamente e m\u00f3vel. Nenhuma VPN \u00e9 necess\u00e1ria.<\/li><li>Prote\u00e7\u00e3o integrada contra vazamento de dados - seguran\u00e7a do dispositivo e apagamento remoto - mant\u00e9m os dados cr\u00edticos fora do alcance das pessoas erradas.<\/li><\/ul>\t\t\t\t\t\t\t\t<\/div>\n\t\t\t\t<\/div>\n\t\t\t\t\t<\/div>\n\t\t<\/div>\n\t\t\t\t\t<\/div>\n\t\t<\/section>\n\t\t\t\t<section class=\"elementor-section elementor-top-section elementor-element elementor-element-dfe0e07 elementor-section-boxed elementor-section-height-default elementor-section-height-default\" data-id=\"dfe0e07\" data-element_type=\"section\" data-settings=\"{&quot;background_background&quot;:&quot;classic&quot;}\">\n\t\t\t\t\t\t\t<div class=\"elementor-background-overlay\"><\/div>\n\t\t\t\t\t\t\t<div class=\"elementor-container elementor-column-gap-default\">\n\t\t\t\t\t<div class=\"elementor-column elementor-col-100 elementor-top-column elementor-element elementor-element-1fe30f0\" data-id=\"1fe30f0\" data-element_type=\"column\">\n\t\t\t<div class=\"elementor-widget-wrap elementor-element-populated\">\n\t\t\t\t\t\t<section class=\"elementor-section elementor-inner-section elementor-element elementor-element-540a552 elementor-section-boxed elementor-section-height-default elementor-section-height-default\" data-id=\"540a552\" data-element_type=\"section\">\n\t\t\t\t\t\t<div class=\"elementor-container elementor-column-gap-default\">\n\t\t\t\t\t<div class=\"elementor-column elementor-col-100 elementor-inner-column elementor-element elementor-element-6bbd984\" data-id=\"6bbd984\" data-element_type=\"column\">\n\t\t\t<div class=\"elementor-widget-wrap elementor-element-populated\">\n\t\t\t\t\t\t<section class=\"elementor-section elementor-inner-section elementor-element elementor-element-37fa361 elementor-section-boxed elementor-section-height-default elementor-section-height-default\" data-id=\"37fa361\" data-element_type=\"section\" data-settings=\"{&quot;background_background&quot;:&quot;classic&quot;}\">\n\t\t\t\t\t\t\t<div class=\"elementor-background-overlay\"><\/div>\n\t\t\t\t\t\t\t<div class=\"elementor-container elementor-column-gap-default\">\n\t\t\t\t\t<div class=\"elementor-column elementor-col-100 elementor-inner-column elementor-element elementor-element-592cda0\" data-id=\"592cda0\" data-element_type=\"column\">\n\t\t\t<div class=\"elementor-widget-wrap elementor-element-populated\">\n\t\t\t\t\t\t<div class=\"elementor-element elementor-element-f64fa73 elementor-invisible elementor-widget elementor-widget-text-editor\" data-id=\"f64fa73\" data-element_type=\"widget\" data-settings=\"{&quot;_animation&quot;:&quot;fadeInUp&quot;}\" data-widget_type=\"text-editor.default\">\n\t\t\t\t<div class=\"elementor-widget-container\">\n\t\t\t\t\t\t\t\t\t<p><b style=\"color: var( --e-global-color-text ); font-family: var( --e-global-typography-text-font-family ), Sans-serif; font-size: var( --e-global-typography-text-font-size ); font-style: var( --e-global-typography-text-font-style ); letter-spacing: var( --e-global-typography-text-letter-spacing ); text-transform: var( --e-global-typography-text-text-transform );\">Obtenha as Solu\u00e7\u00f5es de Uso de Documentos agora!<a style=\"color: #262c6b;\" href=\"https:\/\/bibliotechcorp.com\/pt\/contato-us\/\">Fale Conosco!<\/a><\/b><\/p>\t\t\t\t\t\t\t\t<\/div>\n\t\t\t\t<\/div>\n\t\t\t\t\t<\/div>\n\t\t<\/div>\n\t\t\t\t\t<\/div>\n\t\t<\/section>\n\t\t\t\t\t<\/div>\n\t\t<\/div>\n\t\t\t\t\t<\/div>\n\t\t<\/section>\n\t\t\t\t\t<\/div>\n\t\t<\/div>\n\t\t\t\t\t<\/div>\n\t\t<\/section>\n\t\t\t\t<\/div>","protected":false},"excerpt":{"rendered":"<p>With our document solutions, you can work collaboratively, remotely, and securely.Our document solutions assist your company in consolidating critical information and data, making it easy and quick to access. Consolidating all of your data so that vital information is easily accessible is an important step toward attaining IT efficiency. Backup, company continuity, remote working, and&hellip; <a class=\"more-link\" href=\"https:\/\/bibliotechcorp.com\/pt\/solucoes-de-documentos\/\">Continuar lendo <span class=\"screen-reader-text\">Solu\u00e7\u00f5es de Documentos<\/span><\/a><\/p>","protected":false},"author":4,"featured_media":0,"parent":0,"menu_order":0,"comment_status":"closed","ping_status":"closed","template":"","meta":{"footnotes":""},"class_list":["post-534","page","type-page","status-publish","hentry","entry"],"_links":{"self":[{"href":"https:\/\/bibliotechcorp.com\/pt\/wp-json\/wp\/v2\/pages\/534","targetHints":{"allow":["GET"]}}],"collection":[{"href":"https:\/\/bibliotechcorp.com\/pt\/wp-json\/wp\/v2\/pages"}],"about":[{"href":"https:\/\/bibliotechcorp.com\/pt\/wp-json\/wp\/v2\/types\/page"}],"author":[{"embeddable":true,"href":"https:\/\/bibliotechcorp.com\/pt\/wp-json\/wp\/v2\/users\/4"}],"replies":[{"embeddable":true,"href":"https:\/\/bibliotechcorp.com\/pt\/wp-json\/wp\/v2\/comments?post=534"}],"version-history":[{"count":28,"href":"https:\/\/bibliotechcorp.com\/pt\/wp-json\/wp\/v2\/pages\/534\/revisions"}],"predecessor-version":[{"id":1363,"href":"https:\/\/bibliotechcorp.com\/pt\/wp-json\/wp\/v2\/pages\/534\/revisions\/1363"}],"wp:attachment":[{"href":"https:\/\/bibliotechcorp.com\/pt\/wp-json\/wp\/v2\/media?parent=534"}],"curies":[{"name":"wp","href":"https:\/\/api.w.org\/{rel}","templated":true}]}}