{"id":438,"date":"2021-12-28T16:19:37","date_gmt":"2021-12-28T16:19:37","guid":{"rendered":"https:\/\/bibliotechcorp.com\/?page_id=438"},"modified":"2022-01-03T20:44:49","modified_gmt":"2022-01-03T20:44:49","slug":"data-integration-and-analysis-with-bi","status":"publish","type":"page","link":"https:\/\/bibliotechcorp.com\/pt\/integracao-de-dados-e-analise-com-bi\/","title":{"rendered":"Integra\u00e7\u00e3o e an\u00e1lise de dados com BI"},"content":{"rendered":"<div data-elementor-type=\"wp-page\" data-elementor-id=\"438\" class=\"elementor elementor-438\">\n\t\t\t\t\t\t<section class=\"elementor-section elementor-top-section elementor-element elementor-element-7b4168f8 elementor-section-boxed elementor-section-height-default elementor-section-height-default\" data-id=\"7b4168f8\" data-element_type=\"section\" data-settings=\"{&quot;background_background&quot;:&quot;classic&quot;,&quot;background_motion_fx_motion_fx_scrolling&quot;:&quot;yes&quot;,&quot;background_motion_fx_scale_effect&quot;:&quot;yes&quot;,&quot;background_motion_fx_scale_speed&quot;:{&quot;unit&quot;:&quot;px&quot;,&quot;size&quot;:2,&quot;sizes&quot;:[]},&quot;background_motion_fx_devices&quot;:[&quot;desktop&quot;,&quot;tablet&quot;],&quot;background_motion_fx_scale_direction&quot;:&quot;out-in&quot;,&quot;background_motion_fx_scale_range&quot;:{&quot;unit&quot;:&quot;%&quot;,&quot;size&quot;:&quot;&quot;,&quot;sizes&quot;:{&quot;start&quot;:20,&quot;end&quot;:80}}}\">\n\t\t\t\t\t\t\t<div class=\"elementor-background-overlay\"><\/div>\n\t\t\t\t\t\t\t<div class=\"elementor-container elementor-column-gap-default\">\n\t\t\t\t\t<div class=\"elementor-column elementor-col-100 elementor-top-column elementor-element elementor-element-4db831cf elementor-invisible\" data-id=\"4db831cf\" data-element_type=\"column\" data-settings=\"{&quot;animation&quot;:&quot;fadeInUp&quot;}\">\n\t\t\t<div class=\"elementor-widget-wrap elementor-element-populated\">\n\t\t\t\t\t\t\t<\/div>\n\t\t<\/div>\n\t\t\t\t\t<\/div>\n\t\t<\/section>\n\t\t\t\t<section class=\"elementor-section elementor-top-section elementor-element elementor-element-4f8d58f6 elementor-section-boxed elementor-section-height-default elementor-section-height-default\" data-id=\"4f8d58f6\" data-element_type=\"section\" data-settings=\"{&quot;background_background&quot;:&quot;classic&quot;}\">\n\t\t\t\t\t\t\t<div class=\"elementor-background-overlay\"><\/div>\n\t\t\t\t\t\t\t<div class=\"elementor-container elementor-column-gap-default\">\n\t\t\t\t\t<div class=\"elementor-column elementor-col-100 elementor-top-column elementor-element elementor-element-50d94e36\" data-id=\"50d94e36\" data-element_type=\"column\">\n\t\t\t<div class=\"elementor-widget-wrap elementor-element-populated\">\n\t\t\t\t\t\t<section class=\"elementor-section elementor-inner-section elementor-element elementor-element-660f1ca9 elementor-section-boxed elementor-section-height-default elementor-section-height-default\" data-id=\"660f1ca9\" data-element_type=\"section\">\n\t\t\t\t\t\t<div class=\"elementor-container elementor-column-gap-default\">\n\t\t\t\t\t<div class=\"elementor-column elementor-col-100 elementor-inner-column elementor-element elementor-element-64175f42\" data-id=\"64175f42\" data-element_type=\"column\">\n\t\t\t<div class=\"elementor-widget-wrap elementor-element-populated\">\n\t\t\t\t\t\t<section class=\"elementor-section elementor-inner-section elementor-element elementor-element-43830faf elementor-section-boxed elementor-section-height-default elementor-section-height-default\" data-id=\"43830faf\" data-element_type=\"section\" data-settings=\"{&quot;background_background&quot;:&quot;classic&quot;}\">\n\t\t\t\t\t\t\t<div class=\"elementor-background-overlay\"><\/div>\n\t\t\t\t\t\t\t<div class=\"elementor-container elementor-column-gap-default\">\n\t\t\t\t\t<div class=\"elementor-column elementor-col-100 elementor-inner-column elementor-element elementor-element-545f95f2\" data-id=\"545f95f2\" data-element_type=\"column\">\n\t\t\t<div class=\"elementor-widget-wrap elementor-element-populated\">\n\t\t\t\t\t\t<div class=\"elementor-element elementor-element-5d4285dc elementor-invisible elementor-widget elementor-widget-text-editor\" data-id=\"5d4285dc\" data-element_type=\"widget\" data-settings=\"{&quot;_animation&quot;:&quot;fadeInUp&quot;}\" data-widget_type=\"text-editor.default\">\n\t\t\t\t<div class=\"elementor-widget-container\">\n\t\t\t\t\t\t\t\t\t<p><i>Aprenda sobre a capacidade de responder com rapidez e seguran\u00e7a com base em um exame de informa\u00e7\u00f5es integradas, confi\u00e1veis e oportunas. Com pain\u00e9is bem estruturados e visuais atraentes.<\/i><\/p><p>Nossas solu\u00e7\u00f5es de BI e an\u00e1lise permitem que as empresas se antecipem \u00e0 concorr\u00eancia por meio da an\u00e1lise de dados integrados, confi\u00e1veis e r\u00e1pidos. Implementar integra\u00e7\u00e3o e an\u00e1lise de dados com business intelligence com base em tecnologias multiplataforma que oferecem \"o benef\u00edcio de dois segundos\".<\/p>\t\t\t\t\t\t\t\t<\/div>\n\t\t\t\t<\/div>\n\t\t\t\t\t<\/div>\n\t\t<\/div>\n\t\t\t\t\t<\/div>\n\t\t<\/section>\n\t\t\t\t\t<\/div>\n\t\t<\/div>\n\t\t\t\t\t<\/div>\n\t\t<\/section>\n\t\t\t\t\t<\/div>\n\t\t<\/div>\n\t\t\t\t\t<\/div>\n\t\t<\/section>\n\t\t\t\t<section class=\"elementor-section elementor-top-section elementor-element elementor-element-6101f317 elementor-section-boxed elementor-section-height-default elementor-section-height-default\" data-id=\"6101f317\" data-element_type=\"section\" data-settings=\"{&quot;background_background&quot;:&quot;classic&quot;}\">\n\t\t\t\t\t\t\t<div class=\"elementor-background-overlay\"><\/div>\n\t\t\t\t\t\t\t<div class=\"elementor-container elementor-column-gap-default\">\n\t\t\t\t\t<div class=\"elementor-column elementor-col-50 elementor-top-column elementor-element elementor-element-76999d56\" data-id=\"76999d56\" data-element_type=\"column\">\n\t\t\t<div class=\"elementor-widget-wrap elementor-element-populated\">\n\t\t\t\t\t\t<div class=\"elementor-element elementor-element-100abe8e elementor-invisible elementor-widget elementor-widget-spacer\" data-id=\"100abe8e\" data-element_type=\"widget\" data-settings=\"{&quot;_animation&quot;:&quot;fadeInUp&quot;,&quot;_animation_mobile&quot;:&quot;fadeIn&quot;}\" data-widget_type=\"spacer.default\">\n\t\t\t\t<div class=\"elementor-widget-container\">\n\t\t\t\t\t\t\t<div class=\"elementor-spacer\">\n\t\t\t<div class=\"elementor-spacer-inner\"><\/div>\n\t\t<\/div>\n\t\t\t\t\t\t<\/div>\n\t\t\t\t<\/div>\n\t\t\t\t\t<\/div>\n\t\t<\/div>\n\t\t\t\t<div class=\"elementor-column elementor-col-50 elementor-top-column elementor-element elementor-element-2cba1c38\" data-id=\"2cba1c38\" data-element_type=\"column\">\n\t\t\t<div class=\"elementor-widget-wrap elementor-element-populated\">\n\t\t\t\t\t\t<div class=\"elementor-element elementor-element-4fc1e57 animated-fast elementor-invisible elementor-widget elementor-widget-heading\" data-id=\"4fc1e57\" data-element_type=\"widget\" data-settings=\"{&quot;_animation&quot;:&quot;fadeInUp&quot;,&quot;_animation_tablet&quot;:&quot;fadeInUp&quot;,&quot;_animation_mobile&quot;:&quot;fadeInUp&quot;,&quot;_animation_delay&quot;:100}\" data-widget_type=\"heading.default\">\n\t\t\t\t<div class=\"elementor-widget-container\">\n\t\t\t\t\t<h2 class=\"elementor-heading-title elementor-size-default\">Como fazemos isso?\n<\/h2>\t\t\t\t<\/div>\n\t\t\t\t<\/div>\n\t\t\t\t<div class=\"elementor-element elementor-element-67413790 animated-fast elementor-invisible elementor-widget elementor-widget-text-editor\" data-id=\"67413790\" data-element_type=\"widget\" data-settings=\"{&quot;_animation&quot;:&quot;fadeInUp&quot;,&quot;_animation_tablet&quot;:&quot;fadeInUp&quot;,&quot;_animation_mobile&quot;:&quot;fadeInUp&quot;,&quot;_animation_delay&quot;:200}\" data-widget_type=\"text-editor.default\">\n\t\t\t\t<div class=\"elementor-widget-container\">\n\t\t\t\t\t\t\t\t\t<p>Para integra\u00e7\u00e3o e an\u00e1lise de dados com intelig\u00eancia de neg\u00f3cios em SST, empregamos abordagens \u00e1geis e solu\u00e7\u00f5es independentes de plataforma como TIBCO Jaspersoft, TIBCO Spotfire, Jasper ETL, JasperStudio, Visualize JS e a assist\u00eancia de profissionais internacionais da IT-NOVA. Para realizar este servi\u00e7o, as seguintes vari\u00e1veis-a\u00e7\u00f5es tamb\u00e9m devem ser consideradas:<\/p><p><b>REQUISITOS DE ESTUDO<br \/><\/b><span style=\"background-color: var( --e-global-color-865bac3 ); color: var( --e-global-color-text ); font-family: var( --e-global-typography-text-font-family ), Sans-serif; font-size: var( --e-global-typography-text-font-size ); font-style: var( --e-global-typography-text-font-style ); font-weight: var( --e-global-typography-text-font-weight ); letter-spacing: var( --e-global-typography-text-letter-spacing ); text-transform: var( --e-global-typography-text-text-transform );\">O estudo de requisitos nos fornece as especifica\u00e7\u00f5es e completa o escopo do projeto, incluindo a defini\u00e7\u00e3o dos requisitos do projeto, an\u00e1lise de dados e vari\u00e1veis a serem inclu\u00eddas, exame da fonte de dados.<\/span><\/p><p><b>MECANISMOS DE ETL<br \/><\/b><span style=\"color: var( --e-global-color-text ); font-family: var( --e-global-typography-text-font-family ), Sans-serif; font-size: var( --e-global-typography-text-font-size ); font-style: var( --e-global-typography-text-font-style ); font-weight: var( --e-global-typography-text-font-weight ); letter-spacing: var( --e-global-typography-text-letter-spacing ); text-transform: var( --e-global-typography-text-text-transform ); background-color: var( --e-global-color-865bac3 );\">Isso envolve o projeto e o desenvolvimento de m\u00e9todos de extra\u00e7\u00e3o e integra\u00e7\u00e3o de dados, a defini\u00e7\u00e3o de ferramentas e procedimentos para extrair, transformar e carregar dados e a frequ\u00eancia com que os dados s\u00e3o atualizados.<\/span><\/p>\t\t\t\t\t\t\t\t<\/div>\n\t\t\t\t<\/div>\n\t\t\t\t\t<\/div>\n\t\t<\/div>\n\t\t\t\t\t<\/div>\n\t\t<\/section>\n\t\t\t\t<section class=\"elementor-section elementor-top-section elementor-element elementor-element-2782afa elementor-section-boxed elementor-section-height-default elementor-section-height-default\" data-id=\"2782afa\" data-element_type=\"section\" data-settings=\"{&quot;background_background&quot;:&quot;classic&quot;}\">\n\t\t\t\t\t\t\t<div class=\"elementor-background-overlay\"><\/div>\n\t\t\t\t\t\t\t<div class=\"elementor-container elementor-column-gap-default\">\n\t\t\t\t\t<div class=\"elementor-column elementor-col-50 elementor-top-column elementor-element elementor-element-ef27b8f\" data-id=\"ef27b8f\" data-element_type=\"column\">\n\t\t\t<div class=\"elementor-widget-wrap elementor-element-populated\">\n\t\t\t\t\t\t<div class=\"elementor-element elementor-element-093a709 animated-fast elementor-invisible elementor-widget elementor-widget-text-editor\" data-id=\"093a709\" data-element_type=\"widget\" data-settings=\"{&quot;_animation&quot;:&quot;fadeInUp&quot;,&quot;_animation_tablet&quot;:&quot;fadeInUp&quot;,&quot;_animation_mobile&quot;:&quot;fadeInUp&quot;,&quot;_animation_delay&quot;:200}\" data-widget_type=\"text-editor.default\">\n\t\t\t\t<div class=\"elementor-widget-container\">\n\t\t\t\t\t\t\t\t\t<p><b>IMPLEMENTA\u00c7\u00c3O<\/b><\/p><p>-Exibi\u00e7\u00e3o de informa\u00e7\u00f5es<br \/>-Relat\u00f3rio ou prepara\u00e7\u00e3o de relat\u00f3rio<br \/>&#8211;\u00a0Analytics and dashboard creation<\/p><p><b>PROJETO DO DBMS<br \/><\/b>As ideias de data warehouse s\u00e3o abordadas na fase de design, que abrange, entre outras coisas, design e implementa\u00e7\u00e3o de banco de dados em um DBMS integrado.<\/p><p><b>DIMENS\u00d5ES E DOM\u00cdNIOS<br \/><\/b>Ele envolve as seguintes tarefas: projeto e desenvolvimento do Cubo Dimensional, constru\u00e7\u00e3o de dom\u00ednio e datamart e implementa\u00e7\u00e3o de dimens\u00f5es e m\u00e9tricas.<\/p><p><b>IMPLEMENTA\u00c7\u00c3O<\/b><br \/>&#8211;\u00a0Configuration and installation of bought solutions<br \/>\u00a0Quando voc\u00ea tem JasperServer, pode configurar uma variedade de fun\u00e7\u00f5es e perfis.<br \/>&#8211;\u00a0System evaluations<\/p>\t\t\t\t\t\t\t\t<\/div>\n\t\t\t\t<\/div>\n\t\t\t\t\t<\/div>\n\t\t<\/div>\n\t\t\t\t<div class=\"elementor-column elementor-col-50 elementor-top-column elementor-element elementor-element-9f77571\" data-id=\"9f77571\" data-element_type=\"column\">\n\t\t\t<div class=\"elementor-widget-wrap elementor-element-populated\">\n\t\t\t\t\t\t<div class=\"elementor-element elementor-element-0caaa76 elementor-invisible elementor-widget elementor-widget-spacer\" data-id=\"0caaa76\" data-element_type=\"widget\" data-settings=\"{&quot;_animation&quot;:&quot;fadeInUp&quot;,&quot;_animation_mobile&quot;:&quot;fadeIn&quot;}\" data-widget_type=\"spacer.default\">\n\t\t\t\t<div class=\"elementor-widget-container\">\n\t\t\t\t\t\t\t<div class=\"elementor-spacer\">\n\t\t\t<div class=\"elementor-spacer-inner\"><\/div>\n\t\t<\/div>\n\t\t\t\t\t\t<\/div>\n\t\t\t\t<\/div>\n\t\t\t\t\t<\/div>\n\t\t<\/div>\n\t\t\t\t\t<\/div>\n\t\t<\/section>\n\t\t\t\t<section class=\"elementor-section elementor-top-section elementor-element elementor-element-a93fa7e elementor-section-boxed elementor-section-height-default elementor-section-height-default\" data-id=\"a93fa7e\" data-element_type=\"section\" data-settings=\"{&quot;background_background&quot;:&quot;classic&quot;}\">\n\t\t\t\t\t\t\t<div class=\"elementor-background-overlay\"><\/div>\n\t\t\t\t\t\t\t<div class=\"elementor-container elementor-column-gap-default\">\n\t\t\t\t\t<div class=\"elementor-column elementor-col-100 elementor-top-column elementor-element elementor-element-b9b3220\" data-id=\"b9b3220\" data-element_type=\"column\">\n\t\t\t<div class=\"elementor-widget-wrap elementor-element-populated\">\n\t\t\t\t\t\t<div class=\"elementor-element elementor-element-c65c354 animated-fast elementor-invisible elementor-widget elementor-widget-text-editor\" data-id=\"c65c354\" data-element_type=\"widget\" data-settings=\"{&quot;_animation&quot;:&quot;fadeInUp&quot;,&quot;_animation_tablet&quot;:&quot;fadeInUp&quot;,&quot;_animation_mobile&quot;:&quot;fadeInUp&quot;,&quot;_animation_delay&quot;:200}\" data-widget_type=\"text-editor.default\">\n\t\t\t\t<div class=\"elementor-widget-container\">\n\t\t\t\t\t\t\t\t\t<p><span style=\"background-color: var( --e-global-color-865bac3 ); color: var( --e-global-color-text ); font-family: var( --e-global-typography-text-font-family ), Sans-serif; font-size: var( --e-global-typography-text-font-size ); font-style: var( --e-global-typography-text-font-style ); font-weight: bold; letter-spacing: var( --e-global-typography-text-letter-spacing ); text-transform: var( --e-global-typography-text-text-transform );\">Caracter\u00edsticas do servi\u00e7o<\/span><\/p><p style=\"line-height: var(--wp--typography--line-height, var(--global--line-height-body));\">Nossos clientes valorizar\u00e3o nossa capacidade de antecipar a concorr\u00eancia, utilizando an\u00e1lises de informa\u00e7\u00f5es integradas, r\u00e1pidas e confi\u00e1veis. Utilizando nossas solu\u00e7\u00f5es baseadas em tecnologias multiplataformas, garantimos integra\u00e7\u00e3o e an\u00e1lise de dados com Business Intelligence.<\/p><p style=\"line-height: var(--wp--typography--line-height, var(--global--line-height-body));\"><span style=\"font-weight: bold;\">JASPERSOFT TIBCO<\/span><br \/>TIBCO Jaspersoft \u00e9 o pacote de intelig\u00eancia de neg\u00f3cios mais abrangente do mundo. Seu sucesso pode ser atribu\u00eddo \u00e0 sua ampla gama de servi\u00e7os, arquitetura flex\u00edvel e leve e modelo de assinatura flex\u00edvel.<\/p><p style=\"line-height: var(--wp--typography--line-height, var(--global--line-height-body));\">JASPERSOFT provides reports, dashboards, data analysis, and data integration services for independent and integrated BI solutions.<\/p><p style=\"line-height: var(--wp--typography--line-height, var(--global--line-height-body));\"><span style=\"font-weight: bold;\">SPOTFIRE TIBCO<\/span><br \/>Enhanced data connection, in-depth analytics, automated and expert guidance it is simple to share and cooperate governance that has been proven and is scalable, the administration is centralized.<\/p><p style=\"line-height: var(--wp--typography--line-height, var(--global--line-height-body));\"><span style=\"font-weight: bold;\">TIBCO SOFTWARE INTERNATIONAL INC.<br \/><\/span><br \/>TIBCO Software Inc. (NASDAQ: TIBX) provides organizations with The Two-Second Edge TM (the &#8220;Two-Second Advantage&#8221;) &#8211; the capacity to capture the correct information precisely when it is needed and utilize it to achieve a competitive advantage. TIBCO is trusted by over 4,000 clients worldwide.<br \/>SAS and IT-NOVA assistance: IT-NOVA is a Colombian corporation comprised of specialists with vast expertise in project management and administration of information systems projects, as well as a TIBCO Master Partner for Latin America.<\/p>\t\t\t\t\t\t\t\t<\/div>\n\t\t\t\t<\/div>\n\t\t\t\t\t<\/div>\n\t\t<\/div>\n\t\t\t\t\t<\/div>\n\t\t<\/section>\n\t\t\t\t<section class=\"elementor-section elementor-top-section elementor-element elementor-element-bbb6abd elementor-section-boxed elementor-section-height-default elementor-section-height-default\" data-id=\"bbb6abd\" data-element_type=\"section\" data-settings=\"{&quot;background_background&quot;:&quot;classic&quot;}\">\n\t\t\t\t\t\t\t<div class=\"elementor-background-overlay\"><\/div>\n\t\t\t\t\t\t\t<div class=\"elementor-container elementor-column-gap-default\">\n\t\t\t\t\t<div class=\"elementor-column elementor-col-100 elementor-top-column elementor-element elementor-element-c0b4351\" data-id=\"c0b4351\" data-element_type=\"column\">\n\t\t\t<div class=\"elementor-widget-wrap elementor-element-populated\">\n\t\t\t\t\t\t<section class=\"elementor-section elementor-inner-section elementor-element elementor-element-fe46bb0 elementor-section-boxed elementor-section-height-default elementor-section-height-default\" data-id=\"fe46bb0\" data-element_type=\"section\">\n\t\t\t\t\t\t<div class=\"elementor-container elementor-column-gap-default\">\n\t\t\t\t\t<div class=\"elementor-column elementor-col-100 elementor-inner-column elementor-element elementor-element-831d0d7\" data-id=\"831d0d7\" data-element_type=\"column\">\n\t\t\t<div class=\"elementor-widget-wrap elementor-element-populated\">\n\t\t\t\t\t\t<section class=\"elementor-section elementor-inner-section elementor-element elementor-element-7685921 elementor-section-boxed elementor-section-height-default elementor-section-height-default\" data-id=\"7685921\" data-element_type=\"section\" data-settings=\"{&quot;background_background&quot;:&quot;classic&quot;}\">\n\t\t\t\t\t\t\t<div class=\"elementor-background-overlay\"><\/div>\n\t\t\t\t\t\t\t<div class=\"elementor-container elementor-column-gap-default\">\n\t\t\t\t\t<div class=\"elementor-column elementor-col-100 elementor-inner-column elementor-element elementor-element-dbb93e5\" data-id=\"dbb93e5\" data-element_type=\"column\">\n\t\t\t<div class=\"elementor-widget-wrap elementor-element-populated\">\n\t\t\t\t\t\t<div class=\"elementor-element elementor-element-d1d4a4f elementor-invisible elementor-widget elementor-widget-text-editor\" data-id=\"d1d4a4f\" data-element_type=\"widget\" data-settings=\"{&quot;_animation&quot;:&quot;fadeInUp&quot;}\" data-widget_type=\"text-editor.default\">\n\t\t\t\t<div class=\"elementor-widget-container\">\n\t\t\t\t\t\t\t\t\t<p><b style=\"color: var( --e-global-color-text ); font-family: var( --e-global-typography-text-font-family ), Sans-serif; font-size: var( --e-global-typography-text-font-size ); font-style: var( --e-global-typography-text-font-style ); letter-spacing: var( --e-global-typography-text-letter-spacing ); text-transform: var( --e-global-typography-text-text-transform ); background-color: var( --e-global-color-865bac3 );\">Get Data Integration and Analysis with BI Services now! <a style=\"color: #3f447b;\" href=\"https:\/\/bibliotechcorp.com\/pt\/contato-us\/\" target=\"_blank\" rel=\"noopener\"><b>Fale Conosco!<\/b><\/a><\/b><\/p>\t\t\t\t\t\t\t\t<\/div>\n\t\t\t\t<\/div>\n\t\t\t\t\t<\/div>\n\t\t<\/div>\n\t\t\t\t\t<\/div>\n\t\t<\/section>\n\t\t\t\t\t<\/div>\n\t\t<\/div>\n\t\t\t\t\t<\/div>\n\t\t<\/section>\n\t\t\t\t\t<\/div>\n\t\t<\/div>\n\t\t\t\t\t<\/div>\n\t\t<\/section>\n\t\t\t\t<\/div>","protected":false},"excerpt":{"rendered":"<p>Learn about the capacity to respond quickly and securely based on an examination of integrated, trustworthy, and timely information. With well-structured dashboards and appealing visuals. Our BI and analytics solutions enable firms to anticipate the competition by analyzing integrated, trustworthy, and fast data. Implementing data integration and analysis with business intelligence based on multi-platform technologies&hellip; <a class=\"more-link\" href=\"https:\/\/bibliotechcorp.com\/pt\/integracao-de-dados-e-analise-com-bi\/\">Continuar lendo <span class=\"screen-reader-text\">Integra\u00e7\u00e3o e an\u00e1lise de dados com BI<\/span><\/a><\/p>","protected":false},"author":4,"featured_media":0,"parent":0,"menu_order":0,"comment_status":"closed","ping_status":"closed","template":"","meta":{"footnotes":""},"class_list":["post-438","page","type-page","status-publish","hentry","entry"],"_links":{"self":[{"href":"https:\/\/bibliotechcorp.com\/pt\/wp-json\/wp\/v2\/pages\/438","targetHints":{"allow":["GET"]}}],"collection":[{"href":"https:\/\/bibliotechcorp.com\/pt\/wp-json\/wp\/v2\/pages"}],"about":[{"href":"https:\/\/bibliotechcorp.com\/pt\/wp-json\/wp\/v2\/types\/page"}],"author":[{"embeddable":true,"href":"https:\/\/bibliotechcorp.com\/pt\/wp-json\/wp\/v2\/users\/4"}],"replies":[{"embeddable":true,"href":"https:\/\/bibliotechcorp.com\/pt\/wp-json\/wp\/v2\/comments?post=438"}],"version-history":[{"count":40,"href":"https:\/\/bibliotechcorp.com\/pt\/wp-json\/wp\/v2\/pages\/438\/revisions"}],"predecessor-version":[{"id":1496,"href":"https:\/\/bibliotechcorp.com\/pt\/wp-json\/wp\/v2\/pages\/438\/revisions\/1496"}],"wp:attachment":[{"href":"https:\/\/bibliotechcorp.com\/pt\/wp-json\/wp\/v2\/media?parent=438"}],"curies":[{"name":"wp","href":"https:\/\/api.w.org\/{rel}","templated":true}]}}