{"id":355,"date":"2021-12-28T14:24:36","date_gmt":"2021-12-28T14:24:36","guid":{"rendered":"https:\/\/bibliotechcorp.com\/?page_id=355"},"modified":"2021-12-30T14:14:47","modified_gmt":"2021-12-30T14:14:47","slug":"it-services","status":"publish","type":"page","link":"https:\/\/bibliotechcorp.com\/pt\/governanca-de-ti\/","title":{"rendered":"Governan\u00e7a de TI"},"content":{"rendered":"<div data-elementor-type=\"wp-page\" data-elementor-id=\"355\" class=\"elementor elementor-355\">\n\t\t\t\t\t\t<section class=\"elementor-section elementor-top-section elementor-element elementor-element-7b4168f8 elementor-section-boxed elementor-section-height-default elementor-section-height-default\" data-id=\"7b4168f8\" data-element_type=\"section\" data-settings=\"{&quot;background_background&quot;:&quot;classic&quot;,&quot;background_motion_fx_motion_fx_scrolling&quot;:&quot;yes&quot;,&quot;background_motion_fx_scale_effect&quot;:&quot;yes&quot;,&quot;background_motion_fx_scale_speed&quot;:{&quot;unit&quot;:&quot;px&quot;,&quot;size&quot;:2,&quot;sizes&quot;:[]},&quot;background_motion_fx_devices&quot;:[&quot;desktop&quot;,&quot;tablet&quot;],&quot;background_motion_fx_scale_direction&quot;:&quot;out-in&quot;,&quot;background_motion_fx_scale_range&quot;:{&quot;unit&quot;:&quot;%&quot;,&quot;size&quot;:&quot;&quot;,&quot;sizes&quot;:{&quot;start&quot;:20,&quot;end&quot;:80}}}\">\n\t\t\t\t\t\t\t<div class=\"elementor-background-overlay\"><\/div>\n\t\t\t\t\t\t\t<div class=\"elementor-container elementor-column-gap-default\">\n\t\t\t\t\t<div class=\"elementor-column elementor-col-100 elementor-top-column elementor-element elementor-element-4db831cf elementor-invisible\" data-id=\"4db831cf\" data-element_type=\"column\" data-settings=\"{&quot;animation&quot;:&quot;fadeInUp&quot;}\">\n\t\t\t<div class=\"elementor-widget-wrap elementor-element-populated\">\n\t\t\t\t\t\t\t<\/div>\n\t\t<\/div>\n\t\t\t\t\t<\/div>\n\t\t<\/section>\n\t\t\t\t<section class=\"elementor-section elementor-top-section elementor-element elementor-element-4f8d58f6 elementor-section-boxed elementor-section-height-default elementor-section-height-default\" data-id=\"4f8d58f6\" data-element_type=\"section\" data-settings=\"{&quot;background_background&quot;:&quot;classic&quot;}\">\n\t\t\t\t\t\t\t<div class=\"elementor-background-overlay\"><\/div>\n\t\t\t\t\t\t\t<div class=\"elementor-container elementor-column-gap-default\">\n\t\t\t\t\t<div class=\"elementor-column elementor-col-100 elementor-top-column elementor-element elementor-element-50d94e36\" data-id=\"50d94e36\" data-element_type=\"column\">\n\t\t\t<div class=\"elementor-widget-wrap elementor-element-populated\">\n\t\t\t\t\t\t<section class=\"elementor-section elementor-inner-section elementor-element elementor-element-660f1ca9 elementor-section-boxed elementor-section-height-default elementor-section-height-default\" data-id=\"660f1ca9\" data-element_type=\"section\">\n\t\t\t\t\t\t<div class=\"elementor-container elementor-column-gap-default\">\n\t\t\t\t\t<div class=\"elementor-column elementor-col-100 elementor-inner-column elementor-element elementor-element-64175f42\" data-id=\"64175f42\" data-element_type=\"column\">\n\t\t\t<div class=\"elementor-widget-wrap elementor-element-populated\">\n\t\t\t\t\t\t<section class=\"elementor-section elementor-inner-section elementor-element elementor-element-43830faf elementor-section-boxed elementor-section-height-default elementor-section-height-default\" data-id=\"43830faf\" data-element_type=\"section\" data-settings=\"{&quot;background_background&quot;:&quot;classic&quot;}\">\n\t\t\t\t\t\t\t<div class=\"elementor-background-overlay\"><\/div>\n\t\t\t\t\t\t\t<div class=\"elementor-container elementor-column-gap-default\">\n\t\t\t\t\t<div class=\"elementor-column elementor-col-100 elementor-inner-column elementor-element elementor-element-545f95f2\" data-id=\"545f95f2\" data-element_type=\"column\">\n\t\t\t<div class=\"elementor-widget-wrap elementor-element-populated\">\n\t\t\t\t\t\t<div class=\"elementor-element elementor-element-5d4285dc elementor-invisible elementor-widget elementor-widget-text-editor\" data-id=\"5d4285dc\" data-element_type=\"widget\" data-settings=\"{&quot;_animation&quot;:&quot;fadeInUp&quot;}\" data-widget_type=\"text-editor.default\">\n\t\t\t\t<div class=\"elementor-widget-container\">\n\t\t\t\t\t\t\t\t\t<p>A governan\u00e7a de TI ajuda sua empresa a atender \u00e0s necessidades de privacidade e seguran\u00e7a de seu mercado, base de clientes e governo.<\/p>\t\t\t\t\t\t\t\t<\/div>\n\t\t\t\t<\/div>\n\t\t\t\t\t<\/div>\n\t\t<\/div>\n\t\t\t\t\t<\/div>\n\t\t<\/section>\n\t\t\t\t\t<\/div>\n\t\t<\/div>\n\t\t\t\t\t<\/div>\n\t\t<\/section>\n\t\t\t\t\t<\/div>\n\t\t<\/div>\n\t\t\t\t\t<\/div>\n\t\t<\/section>\n\t\t\t\t<section class=\"elementor-section elementor-top-section elementor-element elementor-element-4d89ff99 elementor-section-boxed elementor-section-height-default elementor-section-height-default\" data-id=\"4d89ff99\" data-element_type=\"section\" data-settings=\"{&quot;background_background&quot;:&quot;classic&quot;}\">\n\t\t\t\t\t\t\t<div class=\"elementor-background-overlay\"><\/div>\n\t\t\t\t\t\t\t<div class=\"elementor-container elementor-column-gap-default\">\n\t\t\t\t\t<div class=\"elementor-column elementor-col-50 elementor-top-column elementor-element elementor-element-4b340fef\" data-id=\"4b340fef\" data-element_type=\"column\">\n\t\t\t<div class=\"elementor-widget-wrap elementor-element-populated\">\n\t\t\t\t\t\t<div class=\"elementor-element elementor-element-70b48961 animated-fast elementor-invisible elementor-widget elementor-widget-text-editor\" data-id=\"70b48961\" data-element_type=\"widget\" data-settings=\"{&quot;_animation&quot;:&quot;fadeInUp&quot;,&quot;_animation_tablet&quot;:&quot;fadeInUp&quot;,&quot;_animation_mobile&quot;:&quot;fadeInUp&quot;,&quot;_animation_delay&quot;:200}\" data-widget_type=\"text-editor.default\">\n\t\t\t\t<div class=\"elementor-widget-container\">\n\t\t\t\t\t\t\t\t\t<ul><li><b>Proteja seus dados regulamentados e mantenha a conformidade do setor<\/b><\/li><\/ul><p>A governan\u00e7a de TI \u00e9 um conjunto de pr\u00e1ticas de TI que funcionam em conjunto com a estrat\u00e9gia de sua empresa para garantir a conformidade e a seguran\u00e7a em seu setor. As empresas hoje est\u00e3o cada vez mais lutando para atender aos padr\u00f5es de conformidade de TI impostos a elas - em um momento em que a varia\u00e7\u00e3o regulat\u00f3ria est\u00e1 aumentando. Existem GDPR, CCPA e outros regulamentos. Mesmo assim, muitas empresas n\u00e3o t\u00eam ideia de onde os dados cruciais est\u00e3o armazenados, se suas redes est\u00e3o expostas a ataques cibern\u00e9ticos ou se as informa\u00e7\u00f5es de seus clientes est\u00e3o seguras. Sua empresa pode simplesmente cumprir os padr\u00f5es federais implementando um plano eficiente de governan\u00e7a e conformidade de TI.<\/p><ul><li><b>Obtenha seguro cibern\u00e9tico para sua empresa<\/b><\/li><\/ul><p>O seguro cibern\u00e9tico pode ser uma escolha excelente para empresas que buscam fortalecer sua resili\u00eancia. No entanto, \u00e0 medida que os ataques de ransomware se tornam mais comuns e as estruturas de conformidade ficam mais r\u00edgidas, muitas empresas est\u00e3o tendo a cobertura negada por n\u00e3o cumprirem os requisitos de seguran\u00e7a. Muitas seguradoras se recusam a pagar indeniza\u00e7\u00f5es se o segurado deixar de manter um ambiente seguro devido \u00e0 falta de papelada ou controles. Se sua empresa deseja obter seguro cibern\u00e9tico, voc\u00ea deve trabalhar em estreita colabora\u00e7\u00e3o com sua equipe de TI para atender aos requisitos do provedor.<\/p><ul><li><b>Roteiro para governan\u00e7a<\/b>\u00a0<\/li><\/ul><p><b>Determine o risco<\/b><br \/>A visibilidade \u00e9 essencial para a conformidade. Realize avalia\u00e7\u00e3o de seguran\u00e7a ou conformidade de 360 graus.<br \/><b>Inclui uma estrutura<\/b><br \/>Os dados devem ser classificados pelos requisitos de conformidade mais relevantes e rigorosos. Personalize os controles para atender \u00e0s necessidades da sua empresa.<br \/><b>Aplica\u00e7\u00e3o da pol\u00edtica<\/b><br \/>Manter os regulamentos de seguran\u00e7a e reten\u00e7\u00e3o de dados, monitorar o acesso do usu\u00e1rio e investigar o comportamento question\u00e1vel.<\/p>\t\t\t\t\t\t\t\t<\/div>\n\t\t\t\t<\/div>\n\t\t\t\t\t<\/div>\n\t\t<\/div>\n\t\t\t\t<div class=\"elementor-column elementor-col-50 elementor-top-column elementor-element elementor-element-69d08396\" data-id=\"69d08396\" data-element_type=\"column\">\n\t\t\t<div class=\"elementor-widget-wrap elementor-element-populated\">\n\t\t\t\t\t\t<div class=\"elementor-element elementor-element-68dd53a8 elementor-invisible elementor-widget elementor-widget-spacer\" data-id=\"68dd53a8\" data-element_type=\"widget\" data-settings=\"{&quot;_animation&quot;:&quot;fadeInUp&quot;,&quot;_animation_mobile&quot;:&quot;fadeIn&quot;}\" data-widget_type=\"spacer.default\">\n\t\t\t\t<div class=\"elementor-widget-container\">\n\t\t\t\t\t\t\t<div class=\"elementor-spacer\">\n\t\t\t<div class=\"elementor-spacer-inner\"><\/div>\n\t\t<\/div>\n\t\t\t\t\t\t<\/div>\n\t\t\t\t<\/div>\n\t\t\t\t\t<\/div>\n\t\t<\/div>\n\t\t\t\t\t<\/div>\n\t\t<\/section>\n\t\t\t\t<section class=\"elementor-section elementor-top-section elementor-element elementor-element-73fb3a5 elementor-section-boxed elementor-section-height-default elementor-section-height-default\" data-id=\"73fb3a5\" data-element_type=\"section\" data-settings=\"{&quot;background_background&quot;:&quot;classic&quot;}\">\n\t\t\t\t\t\t\t<div class=\"elementor-background-overlay\"><\/div>\n\t\t\t\t\t\t\t<div class=\"elementor-container elementor-column-gap-default\">\n\t\t\t\t\t<div class=\"elementor-column elementor-col-100 elementor-top-column elementor-element elementor-element-bd517b8\" data-id=\"bd517b8\" data-element_type=\"column\">\n\t\t\t<div class=\"elementor-widget-wrap elementor-element-populated\">\n\t\t\t\t\t\t<section class=\"elementor-section elementor-inner-section elementor-element elementor-element-46fbe91 elementor-section-boxed elementor-section-height-default elementor-section-height-default\" data-id=\"46fbe91\" data-element_type=\"section\">\n\t\t\t\t\t\t<div class=\"elementor-container elementor-column-gap-default\">\n\t\t\t\t\t<div class=\"elementor-column elementor-col-100 elementor-inner-column elementor-element elementor-element-2de9e7a\" data-id=\"2de9e7a\" data-element_type=\"column\">\n\t\t\t<div class=\"elementor-widget-wrap elementor-element-populated\">\n\t\t\t\t\t\t<section class=\"elementor-section elementor-inner-section elementor-element elementor-element-e1cc4f1 elementor-section-boxed elementor-section-height-default elementor-section-height-default\" data-id=\"e1cc4f1\" data-element_type=\"section\" data-settings=\"{&quot;background_background&quot;:&quot;classic&quot;}\">\n\t\t\t\t\t\t\t<div class=\"elementor-background-overlay\"><\/div>\n\t\t\t\t\t\t\t<div class=\"elementor-container elementor-column-gap-default\">\n\t\t\t\t\t<div class=\"elementor-column elementor-col-100 elementor-inner-column elementor-element elementor-element-6e181f4\" data-id=\"6e181f4\" data-element_type=\"column\">\n\t\t\t<div class=\"elementor-widget-wrap elementor-element-populated\">\n\t\t\t\t\t\t<div class=\"elementor-element elementor-element-5cf099a elementor-invisible elementor-widget elementor-widget-text-editor\" data-id=\"5cf099a\" data-element_type=\"widget\" data-settings=\"{&quot;_animation&quot;:&quot;fadeInUp&quot;}\" data-widget_type=\"text-editor.default\">\n\t\t\t\t<div class=\"elementor-widget-container\">\n\t\t\t\t\t\t\t\t\t<p><b style=\"color: var( --e-global-color-text ); font-family: var( --e-global-typography-text-font-family ), Sans-serif; font-size: var( --e-global-typography-text-font-size ); font-style: var( --e-global-typography-text-font-style ); letter-spacing: var( --e-global-typography-text-letter-spacing ); text-transform: var( --e-global-typography-text-text-transform ); background-color: var( --e-global-color-865bac3 );\">Aproveite as Solu\u00e7\u00f5es de Governan\u00e7a de TI agora! <a style=\"color: #262c6b;\" href=\"https:\/\/bibliotechcorp.com\/pt\/contato-us\/\">Fale Conosco!<\/a><\/b><\/p>\t\t\t\t\t\t\t\t<\/div>\n\t\t\t\t<\/div>\n\t\t\t\t\t<\/div>\n\t\t<\/div>\n\t\t\t\t\t<\/div>\n\t\t<\/section>\n\t\t\t\t\t<\/div>\n\t\t<\/div>\n\t\t\t\t\t<\/div>\n\t\t<\/section>\n\t\t\t\t\t<\/div>\n\t\t<\/div>\n\t\t\t\t\t<\/div>\n\t\t<\/section>\n\t\t\t\t<\/div>","protected":false},"excerpt":{"rendered":"<p>IT Governance assists your business in meeting the privacy and security needs of your market, customer base, and government. Safeguard Your Regulated Data and Maintain Industry Compliance IT governance is a collection of IT practices that work in tandem with your company strategy to ensure compliance and security in your sector. Businesses today are increasingly&hellip; <a class=\"more-link\" href=\"https:\/\/bibliotechcorp.com\/pt\/governanca-de-ti\/\">Continuar lendo <span class=\"screen-reader-text\">Governan\u00e7a de TI<\/span><\/a><\/p>","protected":false},"author":4,"featured_media":0,"parent":0,"menu_order":0,"comment_status":"closed","ping_status":"closed","template":"","meta":{"footnotes":""},"class_list":["post-355","page","type-page","status-publish","hentry","entry"],"_links":{"self":[{"href":"https:\/\/bibliotechcorp.com\/pt\/wp-json\/wp\/v2\/pages\/355","targetHints":{"allow":["GET"]}}],"collection":[{"href":"https:\/\/bibliotechcorp.com\/pt\/wp-json\/wp\/v2\/pages"}],"about":[{"href":"https:\/\/bibliotechcorp.com\/pt\/wp-json\/wp\/v2\/types\/page"}],"author":[{"embeddable":true,"href":"https:\/\/bibliotechcorp.com\/pt\/wp-json\/wp\/v2\/users\/4"}],"replies":[{"embeddable":true,"href":"https:\/\/bibliotechcorp.com\/pt\/wp-json\/wp\/v2\/comments?post=355"}],"version-history":[{"count":47,"href":"https:\/\/bibliotechcorp.com\/pt\/wp-json\/wp\/v2\/pages\/355\/revisions"}],"predecessor-version":[{"id":1376,"href":"https:\/\/bibliotechcorp.com\/pt\/wp-json\/wp\/v2\/pages\/355\/revisions\/1376"}],"wp:attachment":[{"href":"https:\/\/bibliotechcorp.com\/pt\/wp-json\/wp\/v2\/media?parent=355"}],"curies":[{"name":"wp","href":"https:\/\/api.w.org\/{rel}","templated":true}]}}