{"id":257,"date":"2021-12-28T12:59:48","date_gmt":"2021-12-28T12:59:48","guid":{"rendered":"https:\/\/bibliotechcorp.com\/?page_id=257"},"modified":"2021-12-30T12:20:14","modified_gmt":"2021-12-30T12:20:14","slug":"itil-consulting","status":"publish","type":"page","link":"https:\/\/bibliotechcorp.com\/pt\/consultoria-itil\/","title":{"rendered":"Consultoria ITIL"},"content":{"rendered":"<div data-elementor-type=\"wp-page\" data-elementor-id=\"257\" class=\"elementor elementor-257\">\n\t\t\t\t\t\t<section class=\"elementor-section elementor-top-section elementor-element elementor-element-7b4168f8 elementor-section-boxed elementor-section-height-default elementor-section-height-default\" data-id=\"7b4168f8\" data-element_type=\"section\" data-settings=\"{&quot;background_background&quot;:&quot;classic&quot;,&quot;background_motion_fx_motion_fx_scrolling&quot;:&quot;yes&quot;,&quot;background_motion_fx_scale_effect&quot;:&quot;yes&quot;,&quot;background_motion_fx_scale_speed&quot;:{&quot;unit&quot;:&quot;px&quot;,&quot;size&quot;:2,&quot;sizes&quot;:[]},&quot;background_motion_fx_devices&quot;:[&quot;desktop&quot;,&quot;tablet&quot;],&quot;background_motion_fx_scale_direction&quot;:&quot;out-in&quot;,&quot;background_motion_fx_scale_range&quot;:{&quot;unit&quot;:&quot;%&quot;,&quot;size&quot;:&quot;&quot;,&quot;sizes&quot;:{&quot;start&quot;:20,&quot;end&quot;:80}}}\">\n\t\t\t\t\t\t\t<div class=\"elementor-background-overlay\"><\/div>\n\t\t\t\t\t\t\t<div class=\"elementor-container elementor-column-gap-default\">\n\t\t\t\t\t<div class=\"elementor-column elementor-col-100 elementor-top-column elementor-element elementor-element-4db831cf elementor-invisible\" data-id=\"4db831cf\" data-element_type=\"column\" data-settings=\"{&quot;animation&quot;:&quot;fadeInUp&quot;}\">\n\t\t\t<div class=\"elementor-widget-wrap elementor-element-populated\">\n\t\t\t\t\t\t\t<\/div>\n\t\t<\/div>\n\t\t\t\t\t<\/div>\n\t\t<\/section>\n\t\t\t\t<section class=\"elementor-section elementor-top-section elementor-element elementor-element-a26d74d elementor-section-boxed elementor-section-height-default elementor-section-height-default\" data-id=\"a26d74d\" data-element_type=\"section\" data-settings=\"{&quot;background_background&quot;:&quot;classic&quot;}\">\n\t\t\t\t\t\t\t<div class=\"elementor-background-overlay\"><\/div>\n\t\t\t\t\t\t\t<div class=\"elementor-container elementor-column-gap-default\">\n\t\t\t\t\t<div class=\"elementor-column elementor-col-50 elementor-top-column elementor-element elementor-element-35705088\" data-id=\"35705088\" data-element_type=\"column\">\n\t\t\t<div class=\"elementor-widget-wrap elementor-element-populated\">\n\t\t\t\t\t\t<div class=\"elementor-element elementor-element-2123fb24 animated-fast elementor-invisible elementor-widget elementor-widget-text-editor\" data-id=\"2123fb24\" data-element_type=\"widget\" data-settings=\"{&quot;_animation&quot;:&quot;fadeInUp&quot;,&quot;_animation_tablet&quot;:&quot;fadeInUp&quot;,&quot;_animation_mobile&quot;:&quot;fadeInUp&quot;,&quot;_animation_delay&quot;:200}\" data-widget_type=\"text-editor.default\">\n\t\t\t\t<div class=\"elementor-widget-container\">\n\t\t\t\t\t\t\t\t\t<p><em>Prestamos consultoria e implanta\u00e7\u00e3o de ferramentas de compliance ITIL, al\u00e9m de suporte ao departamento de suporte, com base nas melhores pr\u00e1ticas do setor.<br \/><\/em><\/p><p><span style=\"color: var( --e-global-color-text ); font-family: var( --e-global-typography-text-font-family ), Sans-serif; font-size: var( --e-global-typography-text-font-size ); font-style: var( --e-global-typography-text-font-style ); font-weight: var( --e-global-typography-text-font-weight ); letter-spacing: var( --e-global-typography-text-letter-spacing ); text-transform: var( --e-global-typography-text-text-transform ); background-color: var( --e-global-color-865bac3 );\">Nossa empresa de consultoria \u00e9 baseada nas melhores pr\u00e1ticas ITIL e ISO 9001\/2008. Nossos engenheiros com certifica\u00e7\u00e3o ITIL no Brasil Bilbio Tech Sevicios de Informatica LTDA. est\u00e3o bem familiarizados com a norma ISO 9001\/2008.<\/span><\/p><p><span style=\"color: var( --e-global-color-text ); font-family: var( --e-global-typography-text-font-family ), Sans-serif; font-size: var( --e-global-typography-text-font-size ); font-style: var( --e-global-typography-text-font-style ); font-weight: var( --e-global-typography-text-font-weight ); letter-spacing: var( --e-global-typography-text-letter-spacing ); text-transform: var( --e-global-typography-text-text-transform ); background-color: var( --e-global-color-865bac3 );\">Trabalhamos com metodologias de itera\u00e7\u00e3o cont\u00ednua baseadas em entrevistas de campo e visitas de inspe\u00e7\u00e3o, garantindo resultados de GAP que nos permitem obter uma vis\u00e3o radiogr\u00e1fica dos servi\u00e7os de TI do cliente.<\/span><\/p><p><span style=\"color: var( --e-global-color-text ); font-family: var( --e-global-typography-text-font-family ), Sans-serif; font-size: var( --e-global-typography-text-font-size ); font-style: var( --e-global-typography-text-font-style ); font-weight: var( --e-global-typography-text-font-weight ); letter-spacing: var( --e-global-typography-text-letter-spacing ); text-transform: var( --e-global-typography-text-text-transform ); background-color: var( --e-global-color-865bac3 );\">Em seguida, a Brasil Bilbio Tech Sevicios de Informatica LTDA. fornece as recomenda\u00e7\u00f5es necess\u00e1rias, respondendo \u00e0s pr\u00e1ticas ITIL de primeira ordem. O cliente pode prosseguir com o processo de implementa\u00e7\u00e3o das recomenda\u00e7\u00f5es, em colabora\u00e7\u00e3o com os nossos consultores.<\/span><\/p><p><strong style=\"color: var( --e-global-color-text ); font-family: var( --e-global-typography-text-font-family ), Sans-serif; font-size: var( --e-global-typography-text-font-size ); font-style: var( --e-global-typography-text-font-style ); letter-spacing: var( --e-global-typography-text-letter-spacing ); text-transform: var( --e-global-typography-text-text-transform ); background-color: var( --e-global-color-865bac3 );\">Obtenha os Servi\u00e7os de Consultoria ITIL agora! <a style=\"color: #707376; font-weigt: bold;\" href=\"https:\/\/bibliotechcorp.com\/pt\/contato-us\/\">Fale Conosco!<\/a><\/strong><\/p>\t\t\t\t\t\t\t\t<\/div>\n\t\t\t\t<\/div>\n\t\t\t\t\t<\/div>\n\t\t<\/div>\n\t\t\t\t<div class=\"elementor-column elementor-col-50 elementor-top-column elementor-element elementor-element-541e6d08\" data-id=\"541e6d08\" data-element_type=\"column\">\n\t\t\t<div class=\"elementor-widget-wrap elementor-element-populated\">\n\t\t\t\t\t\t<div class=\"elementor-element elementor-element-250687c9 elementor-invisible elementor-widget elementor-widget-spacer\" data-id=\"250687c9\" data-element_type=\"widget\" data-settings=\"{&quot;_animation&quot;:&quot;fadeInUp&quot;,&quot;_animation_mobile&quot;:&quot;fadeIn&quot;}\" data-widget_type=\"spacer.default\">\n\t\t\t\t<div class=\"elementor-widget-container\">\n\t\t\t\t\t\t\t<div class=\"elementor-spacer\">\n\t\t\t<div class=\"elementor-spacer-inner\"><\/div>\n\t\t<\/div>\n\t\t\t\t\t\t<\/div>\n\t\t\t\t<\/div>\n\t\t\t\t<div class=\"elementor-element elementor-element-16d29d4c animated-fast elementor-invisible elementor-widget elementor-widget-spacer\" data-id=\"16d29d4c\" data-element_type=\"widget\" data-settings=\"{&quot;_animation&quot;:&quot;fadeInUp&quot;,&quot;_animation_mobile&quot;:&quot;fadeInUp&quot;,&quot;_animation_delay&quot;:100}\" data-widget_type=\"spacer.default\">\n\t\t\t\t<div class=\"elementor-widget-container\">\n\t\t\t\t\t\t\t<div class=\"elementor-spacer\">\n\t\t\t<div class=\"elementor-spacer-inner\"><\/div>\n\t\t<\/div>\n\t\t\t\t\t\t<\/div>\n\t\t\t\t<\/div>\n\t\t\t\t\t<\/div>\n\t\t<\/div>\n\t\t\t\t\t<\/div>\n\t\t<\/section>\n\t\t\t\t<\/div>","protected":false},"excerpt":{"rendered":"<p>We provide consulting and implementation of ITIL compliance tools, as well as support to the support department, based on industry best practices. Our consulting firm is founded on ITIL and ISO 9001\/2008 best practices. Our ITIL-certified engineers at Brasil Bilbio Tech Sevicios de Informatica LTDA. are well conversant with the ISO 9001\/2008 standard. We work&hellip; <a class=\"more-link\" href=\"https:\/\/bibliotechcorp.com\/pt\/consultoria-itil\/\">Continuar lendo <span class=\"screen-reader-text\">Consultoria ITIL<\/span><\/a><\/p>","protected":false},"author":4,"featured_media":0,"parent":0,"menu_order":0,"comment_status":"closed","ping_status":"closed","template":"","meta":{"footnotes":""},"class_list":["post-257","page","type-page","status-publish","hentry","entry"],"_links":{"self":[{"href":"https:\/\/bibliotechcorp.com\/pt\/wp-json\/wp\/v2\/pages\/257","targetHints":{"allow":["GET"]}}],"collection":[{"href":"https:\/\/bibliotechcorp.com\/pt\/wp-json\/wp\/v2\/pages"}],"about":[{"href":"https:\/\/bibliotechcorp.com\/pt\/wp-json\/wp\/v2\/types\/page"}],"author":[{"embeddable":true,"href":"https:\/\/bibliotechcorp.com\/pt\/wp-json\/wp\/v2\/users\/4"}],"replies":[{"embeddable":true,"href":"https:\/\/bibliotechcorp.com\/pt\/wp-json\/wp\/v2\/comments?post=257"}],"version-history":[{"count":51,"href":"https:\/\/bibliotechcorp.com\/pt\/wp-json\/wp\/v2\/pages\/257\/revisions"}],"predecessor-version":[{"id":1288,"href":"https:\/\/bibliotechcorp.com\/pt\/wp-json\/wp\/v2\/pages\/257\/revisions\/1288"}],"wp:attachment":[{"href":"https:\/\/bibliotechcorp.com\/pt\/wp-json\/wp\/v2\/media?parent=257"}],"curies":[{"name":"wp","href":"https:\/\/api.w.org\/{rel}","templated":true}]}}