{"id":1115,"date":"2021-12-29T11:38:00","date_gmt":"2021-12-29T11:38:00","guid":{"rendered":"https:\/\/bibliotechcorp.com\/?page_id=1115"},"modified":"2021-12-29T11:47:40","modified_gmt":"2021-12-29T11:47:40","slug":"privacy-policy","status":"publish","type":"page","link":"https:\/\/bibliotechcorp.com\/pt\/politica-de-privacidade\/","title":{"rendered":"Pol\u00edtica de Privacidade"},"content":{"rendered":"<div data-elementor-type=\"wp-page\" data-elementor-id=\"1115\" class=\"elementor elementor-1115\">\n\t\t\t\t\t\t<section class=\"elementor-section elementor-top-section elementor-element elementor-element-7b4168f8 elementor-section-boxed elementor-section-height-default elementor-section-height-default\" data-id=\"7b4168f8\" data-element_type=\"section\" data-settings=\"{&quot;background_background&quot;:&quot;classic&quot;,&quot;background_motion_fx_motion_fx_scrolling&quot;:&quot;yes&quot;,&quot;background_motion_fx_scale_effect&quot;:&quot;yes&quot;,&quot;background_motion_fx_scale_speed&quot;:{&quot;unit&quot;:&quot;px&quot;,&quot;size&quot;:2,&quot;sizes&quot;:[]},&quot;background_motion_fx_devices&quot;:[&quot;desktop&quot;,&quot;tablet&quot;],&quot;background_motion_fx_scale_direction&quot;:&quot;out-in&quot;,&quot;background_motion_fx_scale_range&quot;:{&quot;unit&quot;:&quot;%&quot;,&quot;size&quot;:&quot;&quot;,&quot;sizes&quot;:{&quot;start&quot;:20,&quot;end&quot;:80}}}\">\n\t\t\t\t\t\t\t<div class=\"elementor-background-overlay\"><\/div>\n\t\t\t\t\t\t\t<div class=\"elementor-container elementor-column-gap-default\">\n\t\t\t\t\t<div class=\"elementor-column elementor-col-100 elementor-top-column elementor-element elementor-element-4db831cf elementor-invisible\" data-id=\"4db831cf\" data-element_type=\"column\" data-settings=\"{&quot;animation&quot;:&quot;fadeInUp&quot;}\">\n\t\t\t<div class=\"elementor-widget-wrap elementor-element-populated\">\n\t\t\t\t\t\t\t<\/div>\n\t\t<\/div>\n\t\t\t\t\t<\/div>\n\t\t<\/section>\n\t\t\t\t<section class=\"elementor-section elementor-top-section elementor-element elementor-element-4f8d58f6 elementor-section-boxed elementor-section-height-default elementor-section-height-default\" data-id=\"4f8d58f6\" data-element_type=\"section\" data-settings=\"{&quot;background_background&quot;:&quot;classic&quot;}\">\n\t\t\t\t\t\t\t<div class=\"elementor-background-overlay\"><\/div>\n\t\t\t\t\t\t\t<div class=\"elementor-container elementor-column-gap-default\">\n\t\t\t\t\t<div class=\"elementor-column elementor-col-100 elementor-top-column elementor-element elementor-element-50d94e36\" data-id=\"50d94e36\" data-element_type=\"column\">\n\t\t\t<div class=\"elementor-widget-wrap elementor-element-populated\">\n\t\t\t\t\t\t<section class=\"elementor-section elementor-inner-section elementor-element elementor-element-660f1ca9 elementor-section-boxed elementor-section-height-default elementor-section-height-default\" data-id=\"660f1ca9\" data-element_type=\"section\">\n\t\t\t\t\t\t<div class=\"elementor-container elementor-column-gap-default\">\n\t\t\t\t\t<div class=\"elementor-column elementor-col-100 elementor-inner-column elementor-element elementor-element-64175f42\" data-id=\"64175f42\" data-element_type=\"column\">\n\t\t\t<div class=\"elementor-widget-wrap elementor-element-populated\">\n\t\t\t\t\t\t<section class=\"elementor-section elementor-inner-section elementor-element elementor-element-43830faf elementor-section-boxed elementor-section-height-default elementor-section-height-default\" data-id=\"43830faf\" data-element_type=\"section\" data-settings=\"{&quot;background_background&quot;:&quot;classic&quot;}\">\n\t\t\t\t\t\t\t<div class=\"elementor-background-overlay\"><\/div>\n\t\t\t\t\t\t\t<div class=\"elementor-container elementor-column-gap-default\">\n\t\t\t\t\t<div class=\"elementor-column elementor-col-100 elementor-inner-column elementor-element elementor-element-545f95f2\" data-id=\"545f95f2\" data-element_type=\"column\">\n\t\t\t<div class=\"elementor-widget-wrap elementor-element-populated\">\n\t\t\t\t\t\t<div class=\"elementor-element elementor-element-5d4285dc elementor-invisible elementor-widget elementor-widget-text-editor\" data-id=\"5d4285dc\" data-element_type=\"widget\" data-settings=\"{&quot;_animation&quot;:&quot;fadeInUp&quot;}\" data-widget_type=\"text-editor.default\">\n\t\t\t\t<div class=\"elementor-widget-container\">\n\t\t\t\t\t\t\t\t\t<p>Last updated December 1st, 2021<br \/><br \/><\/p><p><b>\u00a0QUE DADOS PESSOAIS COLETAMOS E POR QUE OS COLETAMOS?<br \/><\/b><\/p><p>A BRASIL BIBLIO TECH SERVI\u00c7OS DE INFORM\u00c1TICA \u00e9 respons\u00e1vel pela coleta de seus dados pessoais, seu uso e prote\u00e7\u00e3o.<\/p><p>BRASIL BIBLIO TECH SERVI\u00c7OS DE INFORM\u00c1TICA pode processar Dados Pessoais, ou seja, informa\u00e7\u00f5es que o identifiquem ou o fa\u00e7am identific\u00e1vel. Alguns desses dados pessoais s\u00e3o, por exemplo (no caso de pedidos): nome, e-mail, endere\u00e7o postal, endere\u00e7o de entrega (no caso de pedidos), n\u00famero de telefone, n\u00famero de identifica\u00e7\u00e3o do documento, data de nascimento, servi\u00e7os oferecidos por sua empresa, dados de pagamento (tais como n\u00famero do cart\u00e3o de cr\u00e9dito, validade), dados de faturamento. Estes dados pessoais que voc\u00ea fornece voluntariamente ao nos contratar, em newsletters, promo\u00e7\u00f5es, obten\u00e7\u00e3o de suporte t\u00e9cnico, registro para determinada atividade, servi\u00e7os de pedidos e ao se registrar para participar de outras atividades que a BRASIL BIBLIO TECH SERVI\u00c7OS DE INFORM\u00c1TICA oferece e solicita informa\u00e7\u00f5es.<\/p><p>O acima exposto, a fim de adaptar nossos servi\u00e7os e nossas promo\u00e7\u00f5es \u00e0s suas prefer\u00eancias e ao projeto em que estamos envolvidos com voc\u00ea. Deve-se observar que n\u00e3o solicitamos informa\u00e7\u00f5es pessoais sens\u00edveis.<\/p><p><b>COMENT\u00c1RIOS<\/b><\/p><p>Quando os visitantes deixam coment\u00e1rios no site, coletamos os dados exibidos no formul\u00e1rio de coment\u00e1rios, bem como o endere\u00e7o IP do visitante e a string de agente de usu\u00e1rio do navegador para ajudar na detec\u00e7\u00e3o de spam. Uma cadeia de caracteres an\u00f4nima criada a partir de seu endere\u00e7o de e-mail (tamb\u00e9m chamada de hash).<\/p><p><b>COOKIES<\/b><\/p><p>Se voc\u00ea deixar um coment\u00e1rio em nosso site voc\u00ea pode escolher salvar seu nome, endere\u00e7o de e-mail e endere\u00e7o web em cookies. Isto \u00e9 para sua conveni\u00eancia, para que voc\u00ea n\u00e3o tenha que preencher seus dados novamente quando deixar outro coment\u00e1rio. Estes cookies ter\u00e3o a dura\u00e7\u00e3o de um ano.<\/p><p>Se voc\u00ea tem uma conta e faz o login neste site, n\u00f3s definiremos um cookie tempor\u00e1rio para determinar se seu navegador aceita cookies. Este cookie n\u00e3o cont\u00e9m nenhum dado pessoal e \u00e9 exclu\u00eddo quando voc\u00ea fecha seu navegador.<\/p><p>Quando voc\u00ea fizer o login, tamb\u00e9m configuraremos v\u00e1rios cookies para armazenar suas informa\u00e7\u00f5es de login e suas op\u00e7\u00f5es de exibi\u00e7\u00e3o na tela. Os cookies de login duram dois dias, e as op\u00e7\u00f5es de exibi\u00e7\u00e3o de cookies duram um ano. Se voc\u00ea selecionar \"Lembrar-me\", seu login ter\u00e1 a dura\u00e7\u00e3o de duas semanas. Se voc\u00ea sair de sua conta, seus cookies de acesso ser\u00e3o exclu\u00eddos.<\/p><p>Se voc\u00ea editar ou publicar um artigo, um cookie adicional ser\u00e1 armazenado em seu navegador. Este cookie n\u00e3o inclui dados pessoais e simplesmente indica a identifica\u00e7\u00e3o do artigo que voc\u00ea acabou de editar. Ele expira ap\u00f3s 1 dia.<\/p><p><b>CONTE\u00daDO INCORPORADO DE OUTROS WEBSITES<\/b><\/p><p>Os artigos deste site podem incluir conte\u00fado incorporado (por exemplo, v\u00eddeos, imagens, artigos, etc.). O conte\u00fado incorporado de outros sites comporta-se exatamente da mesma forma que se o visitante tivesse visitado o outro site.<\/p><p>\u00a0Esses sites podem coletar dados sobre voc\u00ea, usar cookies, incorporar rastreamento adicional de terceiros e monitorar sua intera\u00e7\u00e3o com esse conte\u00fado incorporado, incluindo o rastreamento de sua intera\u00e7\u00e3o com o conte\u00fado incorporado, caso voc\u00ea tenha uma conta e esteja conectado a esse site.<\/p><p><b>POR QUANTO TEMPO GUARDAMOS SUAS INFORMA\u00c7\u00d5ES?<\/b><\/p><p>Se voc\u00ea deixar um coment\u00e1rio, o coment\u00e1rio e seus metadados s\u00e3o retidos indefinidamente. Isto \u00e9 para que possamos reconhecer e aprovar os coment\u00e1rios sucessivos automaticamente, em vez de mant\u00ea-los em uma fila de modera\u00e7\u00e3o.<\/p><p>Para os usu\u00e1rios que se registram em nosso site (se houver), tamb\u00e9m armazenamos as informa\u00e7\u00f5es pessoais que eles fornecem em seu perfil de usu\u00e1rio. Todos os usu\u00e1rios podem visualizar, editar ou apagar suas informa\u00e7\u00f5es pessoais a qualquer momento (exceto que n\u00e3o podem alterar seu nome de usu\u00e1rio). Os administradores do site tamb\u00e9m podem visualizar e editar essas informa\u00e7\u00f5es.<\/p><p><b>QUE DIREITOS VOC\u00ca TEM SOBRE SEUS DADOS?<\/b><\/p><p>Se voc\u00ea tem uma conta ou deixou coment\u00e1rios neste website, voc\u00ea pode solicitar o recebimento de um arquivo de exporta\u00e7\u00e3o dos dados pessoais que temos sobre voc\u00ea, incluindo quaisquer dados que voc\u00ea nos tenha fornecido. Voc\u00ea tamb\u00e9m pode solicitar que excluamos quaisquer dados pessoais que tenhamos em nossa posse a seu respeito. Isto n\u00e3o inclui quaisquer dados que sejamos obrigados a reter para fins administrativos, legais ou de seguran\u00e7a.<\/p><p><b>PARA ONDE ENVIAMOS SEUS DADOS?<\/b><\/p><p>Os coment\u00e1rios dos visitantes podem ser analisados por um servi\u00e7o de detec\u00e7\u00e3o autom\u00e1tica de spam.<\/p><p><b>INFORMA\u00c7\u00d5ES ADICIONAIS<\/b><\/p><p>A BRASIL BIBLIO TECH SERVI\u00c7OS DE INFORM\u00c1TICA reserva-se o direito de modificar ou emendar, no todo ou em parte, este Aviso de Privacidade. O Aviso de Privacidade revisado ser\u00e1 enviado a voc\u00ea no endere\u00e7o de e-mail que voc\u00ea nos forneceu ou publicado no website. A n\u00e3o obje\u00e7\u00e3o \u00e0 nova Nota de Privacidade dentro de 5 dias \u00fateis ap\u00f3s o recebimento ser\u00e1 entendida como sua aceita\u00e7\u00e3o dos termos aqui estabelecidos.<\/p><p><b>COMO PROTEGEMOS SEUS DADOS?<\/b><\/p><p>A BRASIL BIBLIO TECH SERVI\u00c7OS DE INFORM\u00c1TICA adotou as medidas administrativas, t\u00e9cnicas e de seguran\u00e7a f\u00edsica necess\u00e1rias para proteger seus dados pessoais contra danos, perda, altera\u00e7\u00e3o, destrui\u00e7\u00e3o ou uso, acesso ou tratamento n\u00e3o autorizado. Entretanto, a BRASIL BIBLIO TECH SERVI\u00c7OS DE INFORM\u00c1TICA n\u00e3o pode e n\u00e3o garante que n\u00e3o haver\u00e1 acesso n\u00e3o autorizado aos seus dados pessoais ou que as comunica\u00e7\u00f5es estar\u00e3o livres de interrup\u00e7\u00e3o, erro ou intercepta\u00e7\u00e3o por terceiros n\u00e3o autorizados. No caso exigido por uma autoridade competente e ap\u00f3s o cumprimento do processo legal apropriado.<\/p><p>Voc\u00ea tem o direito de acessar, retificar e cancelar seus dados pessoais, bem como de se opor ao seu processamento ou revogar o consentimento que nos deu para este fim, atrav\u00e9s dos procedimentos que implementamos.<\/p><p>Seus dados pessoais podem ser transferidos e processados dentro e fora do pa\u00eds, por outras pessoas que n\u00e3o esta empresa. Nesse sentido, suas informa\u00e7\u00f5es podem ser compartilhadas com empresas e pessoas f\u00edsicas que colaboram na empresa BRASIL BIBLIO TECH SERVI\u00c7OS DE INFORM\u00c1TICA no processo do trabalho contratado. Se voc\u00ea n\u00e3o expressar sua oposi\u00e7\u00e3o \u00e0 transfer\u00eancia de seus dados pessoais, ser\u00e1 entendido que voc\u00ea deu seu consentimento para faz\u00ea-lo.<\/p><p>\u00a0Se voc\u00ea deseja deixar de receber nossas mensagens promocionais, pode solicit\u00e1-las atrav\u00e9s do e-mail BRASIL BIBLIO TECH SERVI\u00c7OS DE INFORM\u00c1TICA.<\/p><p><b>CONSENTE<\/b><\/p><p>Ao fornecer qualquer tipo de informa\u00e7\u00e3o, incluindo seus dados pessoais, voc\u00ea expressamente:<\/p><p>Aceitar as condi\u00e7\u00f5es contidas nesta Nota de Privacidade.<\/p><p>Voc\u00ea concorda que as informa\u00e7\u00f5es fornecidas por voc\u00ea podem ser armazenadas, usadas e, em geral, processadas para os fins indicados, inclusive para fins comerciais e promocionais.<\/p><p>Voc\u00ea concede \u00e0 BRASIL BIBLIO TECH SERVI\u00c7OS DE INFORM\u00c1TICA autoriza\u00e7\u00e3o para obter, compilar, armazenar, compartilhar, comunicar, transmitir e utilizar tais informa\u00e7\u00f5es de qualquer maneira ou forma, de acordo com as condi\u00e7\u00f5es aqui estabelecidas e as leis aplic\u00e1veis.<\/p><p>Tendo lido o acima, autorizo o processamento de meus dados pessoais e sens\u00edveis, de acordo com os termos e condi\u00e7\u00f5es desta Nota de Privacidade.<\/p>\t\t\t\t\t\t\t\t<\/div>\n\t\t\t\t<\/div>\n\t\t\t\t\t<\/div>\n\t\t<\/div>\n\t\t\t\t\t<\/div>\n\t\t<\/section>\n\t\t\t\t\t<\/div>\n\t\t<\/div>\n\t\t\t\t\t<\/div>\n\t\t<\/section>\n\t\t\t\t\t<\/div>\n\t\t<\/div>\n\t\t\t\t\t<\/div>\n\t\t<\/section>\n\t\t\t\t<\/div>","protected":false},"excerpt":{"rendered":"<p>Last updated December 1st, 2021 &nbsp;WHAT PERSONAL DATA DO WE COLLECT AND WHY DO WE COLLECT IT? BRASIL BIBLIO TECH SERVI\u00c7OS DE INFORM\u00c1TICA is responsible for collecting your personal data, its use and protection. BRASIL BIBLIO TECH SERVI\u00c7OS DE INFORM\u00c1TICA may process Personal Data, i.e. information that identifies you or makes you identifiable. Some of&hellip; <a class=\"more-link\" href=\"https:\/\/bibliotechcorp.com\/pt\/politica-de-privacidade\/\">Continuar lendo <span class=\"screen-reader-text\">Pol\u00edtica de Privacidade<\/span><\/a><\/p>","protected":false},"author":4,"featured_media":0,"parent":0,"menu_order":0,"comment_status":"closed","ping_status":"closed","template":"","meta":{"footnotes":""},"class_list":["post-1115","page","type-page","status-publish","hentry","entry"],"_links":{"self":[{"href":"https:\/\/bibliotechcorp.com\/pt\/wp-json\/wp\/v2\/pages\/1115","targetHints":{"allow":["GET"]}}],"collection":[{"href":"https:\/\/bibliotechcorp.com\/pt\/wp-json\/wp\/v2\/pages"}],"about":[{"href":"https:\/\/bibliotechcorp.com\/pt\/wp-json\/wp\/v2\/types\/page"}],"author":[{"embeddable":true,"href":"https:\/\/bibliotechcorp.com\/pt\/wp-json\/wp\/v2\/users\/4"}],"replies":[{"embeddable":true,"href":"https:\/\/bibliotechcorp.com\/pt\/wp-json\/wp\/v2\/comments?post=1115"}],"version-history":[{"count":17,"href":"https:\/\/bibliotechcorp.com\/pt\/wp-json\/wp\/v2\/pages\/1115\/revisions"}],"predecessor-version":[{"id":1134,"href":"https:\/\/bibliotechcorp.com\/pt\/wp-json\/wp\/v2\/pages\/1115\/revisions\/1134"}],"wp:attachment":[{"href":"https:\/\/bibliotechcorp.com\/pt\/wp-json\/wp\/v2\/media?parent=1115"}],"curies":[{"name":"wp","href":"https:\/\/api.w.org\/{rel}","templated":true}]}}